{"id":6067,"date":"2023-08-05T16:31:33","date_gmt":"2023-08-05T16:31:33","guid":{"rendered":"https:\/\/hicabistan.com\/?post_type=product&#038;p=6067"},"modified":"2024-10-09T10:45:55","modified_gmt":"2024-10-09T10:45:55","slug":"ligne-abaya-beige","status":"publish","type":"product","link":"https:\/\/hicabistan.com\/fr\/ligne-abaya-beige\/","title":{"rendered":"Ligne Abaya Beige"},"content":{"rendered":"<h2 style=\"text-align: center;\">Ligne Abaya Beige<\/h2>\n<div>Information produit<\/div>\n<div><\/div>\n<div>Hauteur : 133 cm<\/div>\n<div>Tour de poitrine : 90 cm<\/div>\n<div>Tour de taille : 82 cm<\/div>\n<div><\/div>\n<div>La nouvelle robe en cr\u00eape est un mod\u00e8le \u00e0 superpositions. Dot\u00e9e de poignets \u00e9lastiques et d&#039;une fermeture \u00e9clair au dos, elle est le choix id\u00e9al pour une \u00e9l\u00e9gance simple et deviendra un indispensable de votre garde-robe.<\/div>\n<div><\/div>\n<div><\/div>\n<div>Informations sur le tissu<\/div>\n<div><\/div>\n<div>\u00a0 Polyester 100%<\/div>\n<div><\/div>\n<div>Informations sur le mod\u00e8le<\/div>\n<div><\/div>\n<div>Hauteur : 165 cm<\/div>\n<div>Tour de poitrine : 86 cm<\/div>\n<div>Tour de taille : 67 cm<\/div>\n<div>Hanche : 85 cm<\/div>\n<div><\/div>\n<div>Le produit sur le mannequin est de taille \u2013 36.\u200b<\/div>","protected":false},"excerpt":{"rendered":"<p>Line Abaya Beige Product Information Height: 133 cm Bust: 90cm Waist: 82cm The new season crepe dress is a layered model. Our dress, which has elastic wrists, has a back zipper. Our dress, which is the first choice of simple elegance, will be an indispensable piece in your closet. Fabric Information \u00a0 100% Polyester\u200b Model [&#8230;]\n","protected":false},"featured_media":6078,"comment_status":"closed","ping_status":"closed","template":"","meta":[],"product_brand":[],"product_cat":[82,83],"product_tag":[],"class_list":{"0":"post-6067","1":"product","2":"type-product","3":"status-publish","4":"has-post-thumbnail","6":"product_cat-abaya","7":"product_cat-islamic-dress","9":"first","10":"instock","11":"sale","12":"shipping-taxable","13":"purchasable","14":"product-type-variable"},"_links":{"self":[{"href":"https:\/\/hicabistan.com\/fr\/wp-json\/wp\/v2\/product\/6067","targetHints":{"allow":["GET"]}}],"collection":[{"href":"https:\/\/hicabistan.com\/fr\/wp-json\/wp\/v2\/product"}],"about":[{"href":"https:\/\/hicabistan.com\/fr\/wp-json\/wp\/v2\/types\/product"}],"replies":[{"embeddable":true,"href":"https:\/\/hicabistan.com\/fr\/wp-json\/wp\/v2\/comments?post=6067"}],"wp:featuredmedia":[{"embeddable":true,"href":"https:\/\/hicabistan.com\/fr\/wp-json\/wp\/v2\/media\/6078"}],"wp:attachment":[{"href":"https:\/\/hicabistan.com\/fr\/wp-json\/wp\/v2\/media?parent=6067"}],"wp:term":[{"taxonomy":"product_brand","embeddable":true,"href":"https:\/\/hicabistan.com\/fr\/wp-json\/wp\/v2\/product_brand?post=6067"},{"taxonomy":"product_cat","embeddable":true,"href":"https:\/\/hicabistan.com\/fr\/wp-json\/wp\/v2\/product_cat?post=6067"},{"taxonomy":"product_tag","embeddable":true,"href":"https:\/\/hicabistan.com\/fr\/wp-json\/wp\/v2\/product_tag?post=6067"}],"curies":[{"name":"wp","href":"https:\/\/api.w.org\/{rel}","templated":true}]}}