{"id":614,"date":"2024-04-15T09:51:05","date_gmt":"2024-04-15T09:51:05","guid":{"rendered":"https:\/\/hicabistan.com\/?post_type=product&#038;p=614"},"modified":"2024-10-16T10:40:45","modified_gmt":"2024-10-16T10:40:45","slug":"premium-jersey-hijab","status":"publish","type":"product","link":"https:\/\/hicabistan.com\/fr\/premium-jersey-hijab\/","title":{"rendered":"Premium Jersey Hijab"},"content":{"rendered":"<p>Vous cherchez des hijabs en gros qui vous garderont \u00e0 la mode et confortable ? Du noir de base classique aux couleurs vives et \u00e9clatantes, notre collection de hijabs en jersey extensible est disponible dans une vari\u00e9t\u00e9 de styles et de tailles. Achetez maintenant pour trouver une option qui correspond \u00e0 votre magasin et \u00e0 votre budget\u00a0!<\/p>\n<figure id=\"attachment_6493\" aria-describedby=\"caption-attachment-6493\" style=\"width: 225px\" class=\"wp-caption alignright\"><img loading=\"lazy\" decoding=\"async\" class=\"wp-image-6493 size-medium\" src=\"https:\/\/hicabistan.com\/wp-content\/uploads\/2023\/01\/premium-jersey-hijab-3-225x400.jpg\" alt=\"Premium Jersey Hijab\" width=\"225\" height=\"400\" srcset=\"https:\/\/hicabistan.com\/wp-content\/uploads\/2023\/01\/premium-jersey-hijab-3-225x400.jpg 225w, https:\/\/hicabistan.com\/wp-content\/uploads\/2023\/01\/premium-jersey-hijab-3-450x800.jpg 450w, https:\/\/hicabistan.com\/wp-content\/uploads\/2023\/01\/premium-jersey-hijab-3-768x1365.jpg 768w, https:\/\/hicabistan.com\/wp-content\/uploads\/2023\/01\/premium-jersey-hijab-3-864x1536.jpg 864w, https:\/\/hicabistan.com\/wp-content\/uploads\/2023\/01\/premium-jersey-hijab-3-7x12.jpg 7w, https:\/\/hicabistan.com\/wp-content\/uploads\/2023\/01\/premium-jersey-hijab-3-247x439.jpg 247w, https:\/\/hicabistan.com\/wp-content\/uploads\/2023\/01\/premium-jersey-hijab-3-510x907.jpg 510w, https:\/\/hicabistan.com\/wp-content\/uploads\/2023\/01\/premium-jersey-hijab-3.jpg 1080w\" sizes=\"auto, (max-width: 225px) 100vw, 225px\" \/><figcaption id=\"caption-attachment-6493\" class=\"wp-caption-text\">Premium Jersey Hijab<\/figcaption><\/figure>\n<h1>D\u00e9couvrez quels types de hijabs en jersey de qualit\u00e9 sup\u00e9rieure sont disponibles<\/h1>\n<p>Nous proposons une gamme de hijabs en jersey l\u00e9ger. Ceux-ci inclus <a href=\"https:\/\/hicabistan.com\/fr\/sandy-lycra-jersey-hijab\/\">hijabs en jersey de lycra<\/a>, des hijabs en jersey instantan\u00e9s et des bonnets sous-casquette qui permettent de couvrir facilement vos cheveux en quelques secondes. Tous nos styles sont con\u00e7us pour une couverture maximale et une facilit\u00e9 d&#039;utilisation pour un usage quotidien. Peu importe le style que vous recherchez, nous avons quelque chose de parfait pour r\u00e9pondre \u00e0 vos besoins.<\/p>\n<h2>Examinez la qualit\u00e9 et la durabilit\u00e9 des options de tissu<\/h2>\n<p>La qualit\u00e9 est importante lors du choix du mat\u00e9riel hijab, et dans notre magasin, nous n&#039;utilisons que des mat\u00e9riaux de jersey l\u00e9gers de la plus haute qualit\u00e9 pour une couverture et un confort maximum. Nos hijabs sont \u00e9galement fabriqu\u00e9s par des professionnels pour garantir une durabilit\u00e9 et une tenue longue dur\u00e9e. Passez en revue les options de tissu et assurez-vous que vous en avez pour votre argent en optant pour des mat\u00e9riaux de haute qualit\u00e9.<\/p>\n<h2>Comparez les prix pour obtenir le meilleur rapport qualit\u00e9-prix pour votre achat de hijab<\/h2>\n<p>Lorsque vous achetez votre hijab, le prix est un facteur important \u00e0 prendre en compte. Pour en avoir pour votre argent, comparez les prix des diff\u00e9rents magasins proposant le m\u00eame style et le m\u00eame mat\u00e9riau de hijab. La plupart de nos hijabs sont propos\u00e9s \u00e0 des prix tr\u00e8s comp\u00e9titifs, mais il est toujours sage de faire vos recherches afin de vous assurer d&#039;obtenir la meilleure offre. Consultez les avis d&#039;autres clients qui ont d\u00e9j\u00e0 achet\u00e9 des hijabs en gros, car c&#039;est un excellent moyen de d\u00e9terminer quel magasin offre le meilleur rapport qualit\u00e9-prix pour votre achat.<\/p>\n<h3>V\u00e9rifiez les d\u00e9lais de livraison et les politiques de retour avant de faire votre choix<\/h3>\n<p>Avant de prendre une d\u00e9cision finale sur vos achats en gros de hijab en jersey premium, assurez-vous de v\u00e9rifier les d\u00e9lais de livraison et les politiques de retour du magasin dans lequel vous achetez. En tenant compte de facteurs tels que la distance entre le magasin et votre adresse ainsi que les changements de circonstances locales, planifiez toujours \u00e0 l&#039;avance pour \u00e9viter tout inconv\u00e9nient ou retard. De plus, tenez compte de la politique de retour de votre magasin choisi en cas d&#039;articles d\u00e9fectueux ou de tailles incorrectes - de cette fa\u00e7on, vous pouvez acheter en toute confiance en sachant que si n\u00e9cessaire.<\/p>\n<p>&nbsp;<\/p>","protected":false},"excerpt":{"rendered":"<p>Looking for wholesale hijabs that will keep you fashionable and comfortable? From classic basic black to bright vibrant colors, our collection of stretchy jersey hijabs comes in a variety of styles and sizes. Shop now to find an option that fits your store and budget! Find Out What Types of Premium Jersey Hijabs Are Available [&#8230;]\n","protected":false},"featured_media":6496,"comment_status":"open","ping_status":"closed","template":"","meta":[],"product_brand":[],"product_cat":[74],"product_tag":[],"class_list":{"0":"post-614","1":"product","2":"type-product","3":"status-publish","4":"has-post-thumbnail","6":"product_cat-jersey-hijab","8":"first","9":"instock","10":"shipping-taxable","11":"purchasable","12":"product-type-simple"},"_links":{"self":[{"href":"https:\/\/hicabistan.com\/fr\/wp-json\/wp\/v2\/product\/614","targetHints":{"allow":["GET"]}}],"collection":[{"href":"https:\/\/hicabistan.com\/fr\/wp-json\/wp\/v2\/product"}],"about":[{"href":"https:\/\/hicabistan.com\/fr\/wp-json\/wp\/v2\/types\/product"}],"replies":[{"embeddable":true,"href":"https:\/\/hicabistan.com\/fr\/wp-json\/wp\/v2\/comments?post=614"}],"wp:featuredmedia":[{"embeddable":true,"href":"https:\/\/hicabistan.com\/fr\/wp-json\/wp\/v2\/media\/6496"}],"wp:attachment":[{"href":"https:\/\/hicabistan.com\/fr\/wp-json\/wp\/v2\/media?parent=614"}],"wp:term":[{"taxonomy":"product_brand","embeddable":true,"href":"https:\/\/hicabistan.com\/fr\/wp-json\/wp\/v2\/product_brand?post=614"},{"taxonomy":"product_cat","embeddable":true,"href":"https:\/\/hicabistan.com\/fr\/wp-json\/wp\/v2\/product_cat?post=614"},{"taxonomy":"product_tag","embeddable":true,"href":"https:\/\/hicabistan.com\/fr\/wp-json\/wp\/v2\/product_tag?post=614"}],"curies":[{"name":"wp","href":"https:\/\/api.w.org\/{rel}","templated":true}]}}