{"id":6151,"date":"2023-08-16T15:59:59","date_gmt":"2023-08-16T15:59:59","guid":{"rendered":"https:\/\/hicabistan.com\/?post_type=product&#038;p=6151"},"modified":"2024-10-09T10:45:55","modified_gmt":"2024-10-09T10:45:55","slug":"abaya-perles-mint","status":"publish","type":"product","link":"https:\/\/hicabistan.com\/fr\/abaya-perles-mint\/","title":{"rendered":"Abaya Perles Menthe"},"content":{"rendered":"<h2 style=\"text-align: center;\">ABAYA PERLES MENTHE<\/h2>\n<h2><\/h2>\n<p style=\"text-align: left;\"><strong>Information produit<\/strong><\/p>\n<p>&nbsp;<\/p>\n<p><strong>Hauteur<\/strong>: 133cm<br \/>\n<strong>Bousiller<\/strong>: 106cm<br \/>\n<strong>Taille<\/strong>: 102cm<\/p>\n<div>\n<div><\/div>\n<div>La nouvelle saison abaya \u00e0 encolure perl\u00e9e vous accompagne avec sa structure confortable et utile. Notre robe boutonn\u00e9e aux poignets poss\u00e8de une fermeture \u00e9clair dans le dos. Notre robe, qui est le premier choix de l&#039;\u00e9l\u00e9gance simple, sera une pi\u00e8ce indispensable de votre dressing. Diff\u00e9rentes variantes de couleurs sont disponibles.<\/div>\n<div><\/div>\n<div><\/div>\n<div><b>Informations sur le mat\u00e9riel<\/b><\/div>\n<div><b>\u00a0<\/b><\/div>\n<div>\u00a0%65 Cotton<\/div>\n<div><b>\u00a0<\/b>%35 Poliester\u200b\u200b\u200b<\/div>\n<div><\/div>\n<div><\/div>\n<div><b>Informations sur le mod\u00e8le<\/b><\/div>\n<div><b>\u00a0<\/b><\/div>\n<div><b>Hauteur:<\/b><b>\u00a0<\/b>165cm<\/div>\n<div>\n<div><b>Bousiller :<\/b>\u00a086cm<\/div>\n<div><b>Taille:<\/b><b>\u00a0\u00a0<\/b>67cm<\/div>\n<div><b>Hanche <\/b><b>:\u00a0<\/b>85cm<\/div>\n<div><\/div>\n<div><\/div>\n<\/div>\n<\/div>\n<p>Le produit sur le mod\u00e8le est - <strong>36<\/strong> \u2013 taille.\u200b<\/p>","protected":false},"excerpt":{"rendered":"<p>ABAYA PERLES MINT Product information &nbsp; Height: 133 cm Bust: 106cm Waist: 102cm The new season abaya with pearl neckline is with you with its comfortable and useful structure. Our dress, which is buttoned at the wrists, has a zipper on the back. Our dress, which is the first choice of simple elegance, will be [&#8230;]\n","protected":false},"featured_media":6119,"comment_status":"closed","ping_status":"closed","template":"","meta":[],"product_brand":[],"product_cat":[82],"product_tag":[],"class_list":{"0":"post-6151","1":"product","2":"type-product","3":"status-publish","4":"has-post-thumbnail","6":"product_cat-abaya","8":"first","9":"instock","10":"sale","11":"shipping-taxable","12":"purchasable","13":"product-type-variable"},"_links":{"self":[{"href":"https:\/\/hicabistan.com\/fr\/wp-json\/wp\/v2\/product\/6151","targetHints":{"allow":["GET"]}}],"collection":[{"href":"https:\/\/hicabistan.com\/fr\/wp-json\/wp\/v2\/product"}],"about":[{"href":"https:\/\/hicabistan.com\/fr\/wp-json\/wp\/v2\/types\/product"}],"replies":[{"embeddable":true,"href":"https:\/\/hicabistan.com\/fr\/wp-json\/wp\/v2\/comments?post=6151"}],"wp:featuredmedia":[{"embeddable":true,"href":"https:\/\/hicabistan.com\/fr\/wp-json\/wp\/v2\/media\/6119"}],"wp:attachment":[{"href":"https:\/\/hicabistan.com\/fr\/wp-json\/wp\/v2\/media?parent=6151"}],"wp:term":[{"taxonomy":"product_brand","embeddable":true,"href":"https:\/\/hicabistan.com\/fr\/wp-json\/wp\/v2\/product_brand?post=6151"},{"taxonomy":"product_cat","embeddable":true,"href":"https:\/\/hicabistan.com\/fr\/wp-json\/wp\/v2\/product_cat?post=6151"},{"taxonomy":"product_tag","embeddable":true,"href":"https:\/\/hicabistan.com\/fr\/wp-json\/wp\/v2\/product_tag?post=6151"}],"curies":[{"name":"wp","href":"https:\/\/api.w.org\/{rel}","templated":true}]}}