{"id":6229,"date":"2023-08-21T18:18:24","date_gmt":"2023-08-21T18:18:24","guid":{"rendered":"https:\/\/hicabistan.com\/?post_type=product&#038;p=6229"},"modified":"2024-10-09T10:45:54","modified_gmt":"2024-10-09T10:45:54","slug":"frilly-shoulder-abaya-fuchsia","status":"publish","type":"product","link":"https:\/\/hicabistan.com\/fr\/frilly-shoulder-abaya-fuchsia\/","title":{"rendered":"Abaya \u00e0 \u00e9paules fronc\u00e9es fuchsia"},"content":{"rendered":"<h2 style=\"text-align: center;\">Abaya \u00e0 \u00e9paules fronc\u00e9es fuchsia<\/h2>\n<div><strong>Information produit<\/strong><\/div>\n<div><\/div>\n<div><strong>Hauteur:<\/strong> 140 cm<\/div>\n<div><strong>Bousiller:<\/strong> 86 cm<\/div>\n<div><strong>Taille:<\/strong> 84 cm<\/div>\n<div><\/div>\n<div>La robe de la nouvelle saison pr\u00e9sente des volants aux \u00e9paules. Notre robe, dot\u00e9e d&#039;un col imposant, est boutonn\u00e9e au niveau du cou. Elle est ceintur\u00e9e, sans ceinture. Notre robe, d&#039;une \u00e9l\u00e9gance simple, deviendra votre pi\u00e8ce pr\u00e9f\u00e9r\u00e9e.<\/div>\n<div><\/div>\n<div><strong>Informations sur le tissu<\/strong><\/div>\n<div><\/div>\n<div>50% Viscose<\/div>\n<div>45% Polyester<\/div>\n<div>Lycra 5%<\/div>\n<div><\/div>\n<div><strong>Informations sur le mod\u00e8le<\/strong><\/div>\n<div><\/div>\n<div><strong>Hauteur:<\/strong> 164 cm<\/div>\n<div><strong>Bousiller:<\/strong>85 cm<\/div>\n<div><strong>Taille:<\/strong> 64 cm<\/div>\n<div><strong>Hanche:<\/strong> 92 cm<\/div>\n<div><\/div>\n<div>Le produit sur le mod\u00e8le est -<strong> 36<\/strong> - taille.<\/div>","protected":false},"excerpt":{"rendered":"<p>Frilly Shoulder Abaya Fuchsia Product information Height: 140 cm Bust: 86cm Waist: 84cm The new season dress has a ruffled shoulder. Our dress, which has a dominant collar, has a neck button. Our dress is belted. There is no belt bridge. Our dress, which offers you simple elegance, will be your favorite piece. Fabric Information [&#8230;]\n","protected":false},"featured_media":6210,"comment_status":"closed","ping_status":"closed","template":"","meta":[],"product_brand":[],"product_cat":[83],"product_tag":[],"class_list":{"0":"post-6229","1":"product","2":"type-product","3":"status-publish","4":"has-post-thumbnail","6":"product_cat-islamic-dress","8":"first","9":"instock","10":"sale","11":"shipping-taxable","12":"purchasable","13":"product-type-variable"},"_links":{"self":[{"href":"https:\/\/hicabistan.com\/fr\/wp-json\/wp\/v2\/product\/6229","targetHints":{"allow":["GET"]}}],"collection":[{"href":"https:\/\/hicabistan.com\/fr\/wp-json\/wp\/v2\/product"}],"about":[{"href":"https:\/\/hicabistan.com\/fr\/wp-json\/wp\/v2\/types\/product"}],"replies":[{"embeddable":true,"href":"https:\/\/hicabistan.com\/fr\/wp-json\/wp\/v2\/comments?post=6229"}],"wp:featuredmedia":[{"embeddable":true,"href":"https:\/\/hicabistan.com\/fr\/wp-json\/wp\/v2\/media\/6210"}],"wp:attachment":[{"href":"https:\/\/hicabistan.com\/fr\/wp-json\/wp\/v2\/media?parent=6229"}],"wp:term":[{"taxonomy":"product_brand","embeddable":true,"href":"https:\/\/hicabistan.com\/fr\/wp-json\/wp\/v2\/product_brand?post=6229"},{"taxonomy":"product_cat","embeddable":true,"href":"https:\/\/hicabistan.com\/fr\/wp-json\/wp\/v2\/product_cat?post=6229"},{"taxonomy":"product_tag","embeddable":true,"href":"https:\/\/hicabistan.com\/fr\/wp-json\/wp\/v2\/product_tag?post=6229"}],"curies":[{"name":"wp","href":"https:\/\/api.w.org\/{rel}","templated":true}]}}