{"id":6323,"date":"2023-08-21T22:01:20","date_gmt":"2023-08-21T22:01:20","guid":{"rendered":"https:\/\/hicabistan.com\/?post_type=product&#038;p=6323"},"modified":"2024-10-09T10:45:54","modified_gmt":"2024-10-09T10:45:54","slug":"abaya-plissee-a-la-taille-marron","status":"publish","type":"product","link":"https:\/\/hicabistan.com\/fr\/abaya-plissee-a-la-taille-marron\/","title":{"rendered":"Abaya pliss\u00e9e \u00e0 la taille marron"},"content":{"rendered":"<h2 style=\"text-align: center;\">\u200bAbaya pliss\u00e9e \u00e0 la taille Marron<\/h2>\n<div><strong>Information produit<\/strong><\/div>\n<div><\/div>\n<div><strong>Hauteur:<\/strong> 134 cm<\/div>\n<div><strong>Bousiller<\/strong>: 96 cm<\/div>\n<div><strong>Taille:<\/strong> 88 cm<\/div>\n<div><\/div>\n<div>Notre nouvelle robe est en cr\u00eape. Elle pr\u00e9sente une taille fronc\u00e9e et des poignets \u00e9lastiques. Son col ras du cou, d&#039;une \u00e9l\u00e9gance simple, vous s\u00e9duira.<\/div>\n<div><\/div>\n<div><strong>Informations sur le tissu<\/strong><\/div>\n<div><\/div>\n<div>Polyester 95%<\/div>\n<div>Lycra 5%<\/div>\n<div><\/div>\n<div><strong>Informations sur le mod\u00e8le<\/strong><\/div>\n<div><\/div>\n<div><strong>Hauteur:<\/strong> 166 cm<\/div>\n<div><strong>Bousiller:<\/strong> 88 cm<\/div>\n<div><strong>Taille:<\/strong> 73 cm<\/div>\n<div><strong>Hanche:<\/strong> 91 cm<\/div>\n<div><\/div>\n<div>Le produit sur le mod\u00e8le est - <strong>38<\/strong> - taille.<\/div>","protected":false},"excerpt":{"rendered":"<p>\u200bWaist Pleated Line Abaya Brown Product Information Height: 134 cm Bust: 96cm Waist: 88cm Our new season dress is a crepe model. Our dress, which has a shirred waist, has elastic wrists. The dress, whose simple elegance is offered to you, is the crew neck. Fabric Information 95% Polyester 5% Lycra Model Information Height: 166 [&#8230;]\n","protected":false},"featured_media":6301,"comment_status":"closed","ping_status":"closed","template":"","meta":[],"product_brand":[],"product_cat":[82,83],"product_tag":[],"class_list":{"0":"post-6323","1":"product","2":"type-product","3":"status-publish","4":"has-post-thumbnail","6":"product_cat-abaya","7":"product_cat-islamic-dress","9":"first","10":"instock","11":"sale","12":"shipping-taxable","13":"purchasable","14":"product-type-variable"},"_links":{"self":[{"href":"https:\/\/hicabistan.com\/fr\/wp-json\/wp\/v2\/product\/6323","targetHints":{"allow":["GET"]}}],"collection":[{"href":"https:\/\/hicabistan.com\/fr\/wp-json\/wp\/v2\/product"}],"about":[{"href":"https:\/\/hicabistan.com\/fr\/wp-json\/wp\/v2\/types\/product"}],"replies":[{"embeddable":true,"href":"https:\/\/hicabistan.com\/fr\/wp-json\/wp\/v2\/comments?post=6323"}],"wp:featuredmedia":[{"embeddable":true,"href":"https:\/\/hicabistan.com\/fr\/wp-json\/wp\/v2\/media\/6301"}],"wp:attachment":[{"href":"https:\/\/hicabistan.com\/fr\/wp-json\/wp\/v2\/media?parent=6323"}],"wp:term":[{"taxonomy":"product_brand","embeddable":true,"href":"https:\/\/hicabistan.com\/fr\/wp-json\/wp\/v2\/product_brand?post=6323"},{"taxonomy":"product_cat","embeddable":true,"href":"https:\/\/hicabistan.com\/fr\/wp-json\/wp\/v2\/product_cat?post=6323"},{"taxonomy":"product_tag","embeddable":true,"href":"https:\/\/hicabistan.com\/fr\/wp-json\/wp\/v2\/product_tag?post=6323"}],"curies":[{"name":"wp","href":"https:\/\/api.w.org\/{rel}","templated":true}]}}