{"id":6384,"date":"2023-08-22T11:19:43","date_gmt":"2023-08-22T11:19:43","guid":{"rendered":"https:\/\/hicabistan.com\/?post_type=product&#038;p=6384"},"modified":"2024-10-09T10:45:54","modified_gmt":"2024-10-09T10:45:54","slug":"mika-kimono-black","status":"publish","type":"product","link":"https:\/\/hicabistan.com\/fr\/mika-kimono-black\/","title":{"rendered":"Kimono Mika Noir"},"content":{"rendered":"<h2 style=\"text-align: center;\">Kimono Mika Noir<\/h2>\n<ul>\n<li>Ce produit est de saison. Il est sans fermeture \u00e9clair ni bouton us\u00e9. Il est ceintur\u00e9. Tailles\u00a0: 1\u00a0; 36-38-40\u00a0; 2\u00a0; 42-44-46<\/li>\n<li>Longueur : 120 cm<\/li>\n<li>Caract\u00e9ristique du tissu : Il est fait de tissu en lin.<\/li>\n<li>\u00c9tant donn\u00e9 que le produit est enti\u00e8rement moul\u00e9, il est recommand\u00e9 de commander la taille que vous utilisez normalement.<\/li>\n<li>Dimensions du mannequin : Taille 38 \/ Hauteur 1,68 cm \/ Hanche 90 cm \/ Taille 77 cm \/ Buste 90 cm<\/li>\n<li>Instructions de lavage : il doit \u00eatre lav\u00e9 \u00e0 l&#039;envers \u00e0 30\u00b0 (degr\u00e9 le plus bas).<\/li>\n<li>Il peut y avoir une diff\u00e9rence de tonalit\u00e9 dans la couleur du produit en raison de la prise de vue.<\/li>\n<\/ul>","protected":false},"excerpt":{"rendered":"<p>Mika Kimono Black The product is seasonal. The product is without a zipper, without a shabby button. It is belted.1 Size: 36-38-40 2 Size: 42-44-46 Length: 120cm Fabric Feature: It is made of linen fabric. Since the product is full mold, it is recommended to order the size you normally use. Model Dimensions: Size 38 [&#8230;]\n","protected":false},"featured_media":6349,"comment_status":"closed","ping_status":"closed","template":"","meta":[],"product_brand":[],"product_cat":[183],"product_tag":[],"class_list":{"0":"post-6384","1":"product","2":"type-product","3":"status-publish","4":"has-post-thumbnail","6":"product_cat-kimono","8":"first","9":"instock","10":"shipping-taxable","11":"purchasable","12":"product-type-variable"},"_links":{"self":[{"href":"https:\/\/hicabistan.com\/fr\/wp-json\/wp\/v2\/product\/6384","targetHints":{"allow":["GET"]}}],"collection":[{"href":"https:\/\/hicabistan.com\/fr\/wp-json\/wp\/v2\/product"}],"about":[{"href":"https:\/\/hicabistan.com\/fr\/wp-json\/wp\/v2\/types\/product"}],"replies":[{"embeddable":true,"href":"https:\/\/hicabistan.com\/fr\/wp-json\/wp\/v2\/comments?post=6384"}],"wp:featuredmedia":[{"embeddable":true,"href":"https:\/\/hicabistan.com\/fr\/wp-json\/wp\/v2\/media\/6349"}],"wp:attachment":[{"href":"https:\/\/hicabistan.com\/fr\/wp-json\/wp\/v2\/media?parent=6384"}],"wp:term":[{"taxonomy":"product_brand","embeddable":true,"href":"https:\/\/hicabistan.com\/fr\/wp-json\/wp\/v2\/product_brand?post=6384"},{"taxonomy":"product_cat","embeddable":true,"href":"https:\/\/hicabistan.com\/fr\/wp-json\/wp\/v2\/product_cat?post=6384"},{"taxonomy":"product_tag","embeddable":true,"href":"https:\/\/hicabistan.com\/fr\/wp-json\/wp\/v2\/product_tag?post=6384"}],"curies":[{"name":"wp","href":"https:\/\/api.w.org\/{rel}","templated":true}]}}