{"id":6399,"date":"2023-08-23T06:22:10","date_gmt":"2023-08-23T06:22:10","guid":{"rendered":"https:\/\/hicabistan.com\/?post_type=product&#038;p=6399"},"modified":"2024-10-09T10:45:54","modified_gmt":"2024-10-09T10:45:54","slug":"etiquettes-personnalisees","status":"publish","type":"product","link":"https:\/\/hicabistan.com\/fr\/etiquettes-personnalisees\/","title":{"rendered":"\u00c9tiquettes personnalis\u00e9es"},"content":{"rendered":"<h2 style=\"text-align: center;\">\u00c9TIQUETTES PERSONNALIS\u00c9ES<\/h2>\n<p>Optimisez votre image de marque et votre organisation gr\u00e2ce \u00e0 nos \u00e9tiquettes personnalis\u00e9es exceptionnelles. Fabriqu\u00e9es avec pr\u00e9cision et con\u00e7ues pour r\u00e9pondre \u00e0 vos besoins sp\u00e9cifiques, nos \u00e9tiquettes personnalis\u00e9es allient esth\u00e9tique et fonctionnalit\u00e9.<\/p>\n<p>Caract\u00e9ristiques principales :<\/p>\n<ul>\n<li>Design personnalis\u00e9\u00a0: Capturez l&#039;essence de votre marque en cr\u00e9ant des \u00e9tiquettes parfaitement align\u00e9es avec votre identit\u00e9 visuelle. Des couleurs \u00e0 la typographie, chaque \u00e9l\u00e9ment est personnalisable.<\/li>\n<li>Mat\u00e9riaux polyvalents\u00a0: Choisissez parmi une gamme de mat\u00e9riaux de haute qualit\u00e9 adapt\u00e9s \u00e0 diverses surfaces et environnements. Qu&#039;il s&#039;agisse d&#039;emballages de produits ou de supports promotionnels, nos \u00e9tiquettes adh\u00e8rent parfaitement.<\/li>\n<li>Tailles et formes sur mesure\u00a0: Dites adieu aux contraintes des formes et tailles standard. Nos \u00e9tiquettes personnalis\u00e9es sont disponibles dans toutes les dimensions, pour une impression durable.<\/li>\n<li>Finitions durables : choisissez parmi une vari\u00e9t\u00e9 de finitions, notamment brillantes, mates et plus encore, pour am\u00e9liorer la durabilit\u00e9 et l&#039;attrait visuel.<\/li>\n<li>D\u00e9lais d&#039;ex\u00e9cution rapides\u00a0: Nous comprenons l&#039;importance des d\u00e9lais. B\u00e9n\u00e9ficiez d&#039;une production et d&#039;une livraison rapides, sans compromis sur la qualit\u00e9.<\/li>\n<\/ul>\n<p>Applications:<\/p>\n<ul>\n<li>Image de marque du produit : faites en sorte que vos produits se d\u00e9marquent sur les \u00e9tag\u00e8res avec des \u00e9tiquettes qui r\u00e9sument l&#039;histoire et les valeurs de votre marque.<\/li>\n<li>\u00c9v\u00e9nements et promotions : des cadeaux aux \u00e9v\u00e9nements d&#039;entreprise, nos \u00e9tiquettes personnalis\u00e9es ajoutent une touche professionnelle \u00e0 vos efforts promotionnels.<\/li>\n<li>Efficacit\u00e9 organisationnelle : rationalisez les op\u00e9rations en utilisant des \u00e9tiquettes personnalis\u00e9es pour la gestion des stocks, la cat\u00e9gorisation et le suivi.<\/li>\n<\/ul>\n<p>Pourquoi choisir nos \u00e9tiquettes personnalis\u00e9es\u00a0? Forts de notre engagement envers la qualit\u00e9 et l&#039;innovation, nous avons acquis une r\u00e9putation d&#039;excellence. Notre \u00e9quipe d\u00e9vou\u00e9e travaille en \u00e9troite collaboration avec vous pour comprendre votre vision et la concr\u00e9tiser. D\u00e9couvrez le pouvoir des \u00e9tiquettes personnalis\u00e9es qui touchent votre public et laissent une impression durable.<\/p>\n<p>D\u00e9couvrez des possibilit\u00e9s infinies avec notre produit \u201c\u00a0\u00c9tiquettes personnalis\u00e9es\u00a0\u201d. Transformez vos id\u00e9es en \u00e9tiquettes concr\u00e8tes et captivantes, \u00e0 l&#039;image de votre marque. Contactez-nous d\u00e8s aujourd&#039;hui pour d\u00e9couvrir nos innombrables options de personnalisation et donner vie \u00e0 vos besoins d&#039;\u00e9tiquetage.<\/p>","protected":false},"excerpt":{"rendered":"<p><strong>Ce produit est vendu s\u00e9par\u00e9ment. La couture n&#039;est pas incluse dans le prix.\u00a0<\/strong><\/p>","protected":false},"featured_media":6404,"comment_status":"closed","ping_status":"closed","template":"","meta":[],"product_brand":[],"product_cat":[180],"product_tag":[],"class_list":{"0":"post-6399","1":"product","2":"type-product","3":"status-publish","4":"has-post-thumbnail","6":"product_cat-print-service","8":"first","9":"instock","10":"shipping-taxable","11":"purchasable","12":"product-type-variable"},"_links":{"self":[{"href":"https:\/\/hicabistan.com\/fr\/wp-json\/wp\/v2\/product\/6399","targetHints":{"allow":["GET"]}}],"collection":[{"href":"https:\/\/hicabistan.com\/fr\/wp-json\/wp\/v2\/product"}],"about":[{"href":"https:\/\/hicabistan.com\/fr\/wp-json\/wp\/v2\/types\/product"}],"replies":[{"embeddable":true,"href":"https:\/\/hicabistan.com\/fr\/wp-json\/wp\/v2\/comments?post=6399"}],"wp:featuredmedia":[{"embeddable":true,"href":"https:\/\/hicabistan.com\/fr\/wp-json\/wp\/v2\/media\/6404"}],"wp:attachment":[{"href":"https:\/\/hicabistan.com\/fr\/wp-json\/wp\/v2\/media?parent=6399"}],"wp:term":[{"taxonomy":"product_brand","embeddable":true,"href":"https:\/\/hicabistan.com\/fr\/wp-json\/wp\/v2\/product_brand?post=6399"},{"taxonomy":"product_cat","embeddable":true,"href":"https:\/\/hicabistan.com\/fr\/wp-json\/wp\/v2\/product_cat?post=6399"},{"taxonomy":"product_tag","embeddable":true,"href":"https:\/\/hicabistan.com\/fr\/wp-json\/wp\/v2\/product_tag?post=6399"}],"curies":[{"name":"wp","href":"https:\/\/api.w.org\/{rel}","templated":true}]}}