{"id":6443,"date":"2023-08-21T09:30:31","date_gmt":"2023-08-21T09:30:31","guid":{"rendered":"https:\/\/hicabistan.com\/?post_type=product&#038;p=6443"},"modified":"2024-10-09T10:45:54","modified_gmt":"2024-10-09T10:45:54","slug":"alexa-abaya-bleu-marine","status":"publish","type":"product","link":"https:\/\/hicabistan.com\/fr\/alexa-abaya-bleu-marine\/","title":{"rendered":"Alexa Abaya Bleu Marine"},"content":{"rendered":"<h2 style=\"text-align: center;\">Alexa Abaya Bleu Marine<\/h2>\n<ul>\n<li>Ce produit est saisonnier. Non doubl\u00e9, il pr\u00e9sente une encolure ronde et une fermeture boutonn\u00e9e dans le dos. La taille est \u00e9lastique et ceintur\u00e9e. Les poignets sont \u00e0 volants et la jupe est ouverte en forme de mawlana.<\/li>\n<li>Longueur : 137 cm<\/li>\n<li>Caract\u00e9ristique du tissu : Il est fait de tissu en coton \u00e9ponge.<\/li>\n<li>Dimensions du mannequin : Taille 38 \/ Hauteur 1,68 cm \/ Hanche 90 cm \/ Taille 77 cm \/ Buste 90 cm<\/li>\n<li>Instructions de lavage : il doit \u00eatre lav\u00e9 \u00e0 l&#039;envers \u00e0 30\u00b0 (degr\u00e9 le plus bas).<\/li>\n<li>Il peut y avoir une diff\u00e9rence de tonalit\u00e9 dans la couleur du produit en raison de la prise de vue.<\/li>\n<\/ul>","protected":false},"excerpt":{"rendered":"<p>Alexa Abaya Navy Blue The product is seasonal. The product is unlined. It has a round neckline and is buttoned at the back. The waist is elastic and belted. The sleeve cuffs are flounced and the skirts are opened in the form of a mawlana. Length: 137cm Fabric Feature: It is made of Terry Cotton [&#8230;]\n","protected":false},"featured_media":6430,"comment_status":"closed","ping_status":"closed","template":"","meta":[],"product_brand":[],"product_cat":[82,83],"product_tag":[],"class_list":{"0":"post-6443","1":"product","2":"type-product","3":"status-publish","4":"has-post-thumbnail","6":"product_cat-abaya","7":"product_cat-islamic-dress","9":"first","10":"instock","11":"sale","12":"shipping-taxable","13":"purchasable","14":"product-type-variable"},"_links":{"self":[{"href":"https:\/\/hicabistan.com\/fr\/wp-json\/wp\/v2\/product\/6443","targetHints":{"allow":["GET"]}}],"collection":[{"href":"https:\/\/hicabistan.com\/fr\/wp-json\/wp\/v2\/product"}],"about":[{"href":"https:\/\/hicabistan.com\/fr\/wp-json\/wp\/v2\/types\/product"}],"replies":[{"embeddable":true,"href":"https:\/\/hicabistan.com\/fr\/wp-json\/wp\/v2\/comments?post=6443"}],"wp:featuredmedia":[{"embeddable":true,"href":"https:\/\/hicabistan.com\/fr\/wp-json\/wp\/v2\/media\/6430"}],"wp:attachment":[{"href":"https:\/\/hicabistan.com\/fr\/wp-json\/wp\/v2\/media?parent=6443"}],"wp:term":[{"taxonomy":"product_brand","embeddable":true,"href":"https:\/\/hicabistan.com\/fr\/wp-json\/wp\/v2\/product_brand?post=6443"},{"taxonomy":"product_cat","embeddable":true,"href":"https:\/\/hicabistan.com\/fr\/wp-json\/wp\/v2\/product_cat?post=6443"},{"taxonomy":"product_tag","embeddable":true,"href":"https:\/\/hicabistan.com\/fr\/wp-json\/wp\/v2\/product_tag?post=6443"}],"curies":[{"name":"wp","href":"https:\/\/api.w.org\/{rel}","templated":true}]}}