{"id":752,"date":"2023-01-12T11:13:24","date_gmt":"2023-01-12T11:13:24","guid":{"rendered":"https:\/\/hicabistan.com\/?post_type=product&#038;p=752"},"modified":"2024-10-09T10:45:54","modified_gmt":"2024-10-09T10:45:54","slug":"cylinder-islamic-gift-set","status":"publish","type":"product","link":"https:\/\/hicabistan.com\/fr\/cylinder-islamic-gift-set\/","title":{"rendered":"Coffret Cadeau Islamique Cylindre"},"content":{"rendered":"<p>Il y a un tapis de pri\u00e8re portable et un tasbih dans le coffret cadeau islamique cylindrique. Le mat\u00e9riau utilis\u00e9 \u00e0 l&#039;ext\u00e9rieur est solide, mais un l\u00e9ger \u00e9crasement peut se produire en fonction de l&#039;\u00e9tat de la cargaison. Pour \u00e9viter cela, nous pla\u00e7ons les produits dans la cargaison de mani\u00e8re r\u00e9guli\u00e8re. Une bo\u00eete de 30 KG peut contenir au maximum 80 de ce produit. Mais vous n&#039;\u00eates pas oblig\u00e9 d&#039;acheter le m\u00eame produit pour remplir votre bo\u00eete. Vous pouvez m\u00e9langer avec diff\u00e9rents produits<\/p>","protected":false},"excerpt":{"rendered":"<p>There is a portable prayer rug and tasbih in the cylinder islamic gift set. The material used on the outside is strong, but minor crushing may occur depending on the cargo condition. To prevent this, we place the products in the cargo in a regular way. A 30 KG box can contain a maximum of [&#8230;]\n","protected":false},"featured_media":756,"comment_status":"open","ping_status":"closed","template":"","meta":[],"product_brand":[],"product_cat":[92],"product_tag":[],"class_list":{"0":"post-752","1":"product","2":"type-product","3":"status-publish","4":"has-post-thumbnail","6":"product_cat-islamic-gift-sets","8":"first","9":"instock","10":"shipping-taxable","11":"purchasable","12":"product-type-simple"},"_links":{"self":[{"href":"https:\/\/hicabistan.com\/fr\/wp-json\/wp\/v2\/product\/752","targetHints":{"allow":["GET"]}}],"collection":[{"href":"https:\/\/hicabistan.com\/fr\/wp-json\/wp\/v2\/product"}],"about":[{"href":"https:\/\/hicabistan.com\/fr\/wp-json\/wp\/v2\/types\/product"}],"replies":[{"embeddable":true,"href":"https:\/\/hicabistan.com\/fr\/wp-json\/wp\/v2\/comments?post=752"}],"wp:featuredmedia":[{"embeddable":true,"href":"https:\/\/hicabistan.com\/fr\/wp-json\/wp\/v2\/media\/756"}],"wp:attachment":[{"href":"https:\/\/hicabistan.com\/fr\/wp-json\/wp\/v2\/media?parent=752"}],"wp:term":[{"taxonomy":"product_brand","embeddable":true,"href":"https:\/\/hicabistan.com\/fr\/wp-json\/wp\/v2\/product_brand?post=752"},{"taxonomy":"product_cat","embeddable":true,"href":"https:\/\/hicabistan.com\/fr\/wp-json\/wp\/v2\/product_cat?post=752"},{"taxonomy":"product_tag","embeddable":true,"href":"https:\/\/hicabistan.com\/fr\/wp-json\/wp\/v2\/product_tag?post=752"}],"curies":[{"name":"wp","href":"https:\/\/api.w.org\/{rel}","templated":true}]}}