{"id":757,"date":"2023-01-12T11:18:26","date_gmt":"2023-01-12T11:18:26","guid":{"rendered":"https:\/\/hicabistan.com\/?post_type=product&#038;p=757"},"modified":"2024-10-09T10:45:54","modified_gmt":"2024-10-09T10:45:54","slug":"bag-prayer-set","status":"publish","type":"product","link":"https:\/\/hicabistan.com\/fr\/bag-prayer-set\/","title":{"rendered":"Ensemble de sac de pri\u00e8re"},"content":{"rendered":"<p>L&#039;ensemble de sac de pri\u00e8re comprend un tapis de pri\u00e8re et un tasbih. En raison de son poids l\u00e9ger, il est avantageux en termes de performances de prix dans le fret. Vous pouvez mettre en moyenne 80 produits dans 1 box. C&#039;est l&#039;un des produits que vous devez avoir dans votre magasin. Produit le plus vendu pendant le Ramadan<\/p>","protected":false},"excerpt":{"rendered":"<p>L&#039;ensemble de sac de pri\u00e8re comprend un tapis de pri\u00e8re et un tasbih. En raison de son poids l\u00e9ger, il est avantageux en termes de performances de prix dans le fret. Vous pouvez mettre en moyenne 80 produits dans 1 box. C&#039;est l&#039;un des produits que vous devez avoir dans votre magasin. Produit le plus vendu pendant le Ramadan<\/p>","protected":false},"featured_media":758,"comment_status":"open","ping_status":"closed","template":"","meta":[],"product_brand":[],"product_cat":[92],"product_tag":[],"class_list":{"0":"post-757","1":"product","2":"type-product","3":"status-publish","4":"has-post-thumbnail","6":"product_cat-islamic-gift-sets","8":"first","9":"instock","10":"shipping-taxable","11":"purchasable","12":"product-type-simple"},"_links":{"self":[{"href":"https:\/\/hicabistan.com\/fr\/wp-json\/wp\/v2\/product\/757","targetHints":{"allow":["GET"]}}],"collection":[{"href":"https:\/\/hicabistan.com\/fr\/wp-json\/wp\/v2\/product"}],"about":[{"href":"https:\/\/hicabistan.com\/fr\/wp-json\/wp\/v2\/types\/product"}],"replies":[{"embeddable":true,"href":"https:\/\/hicabistan.com\/fr\/wp-json\/wp\/v2\/comments?post=757"}],"wp:featuredmedia":[{"embeddable":true,"href":"https:\/\/hicabistan.com\/fr\/wp-json\/wp\/v2\/media\/758"}],"wp:attachment":[{"href":"https:\/\/hicabistan.com\/fr\/wp-json\/wp\/v2\/media?parent=757"}],"wp:term":[{"taxonomy":"product_brand","embeddable":true,"href":"https:\/\/hicabistan.com\/fr\/wp-json\/wp\/v2\/product_brand?post=757"},{"taxonomy":"product_cat","embeddable":true,"href":"https:\/\/hicabistan.com\/fr\/wp-json\/wp\/v2\/product_cat?post=757"},{"taxonomy":"product_tag","embeddable":true,"href":"https:\/\/hicabistan.com\/fr\/wp-json\/wp\/v2\/product_tag?post=757"}],"curies":[{"name":"wp","href":"https:\/\/api.w.org\/{rel}","templated":true}]}}