{"id":890,"date":"2023-01-19T17:32:34","date_gmt":"2023-01-19T17:32:34","guid":{"rendered":"https:\/\/hicabistan.com\/?post_type=product&#038;p=890"},"modified":"2024-10-09T10:45:55","modified_gmt":"2024-10-09T10:45:55","slug":"stripe-patterned-black-burkini","status":"publish","type":"product","link":"https:\/\/hicabistan.com\/fr\/stripe-patterned-black-burkini\/","title":{"rendered":"Burkini noir \u00e0 rayures"},"content":{"rendered":"<div>Information produit<\/div>\n<div><\/div>\n<div>-Il se compose de quatre parties.<\/div>\n<div>-Col vertical.<\/div>\n<div>-L&#039;exp\u00e9dition est assur\u00e9e avec le haut \u00e0 manches longues, le bas long, le bonnet et le bustier.<\/div>\n<div>\u2013 Il est non doubl\u00e9, ne se voit pas.<\/div>\n<div>-C&#039;est du lycra.<\/div>\n<div><\/div>\n<div>-Haut<\/div>\n<div>Hauteur : 94cm<\/div>\n<div>Buste : 80 cm<\/div>\n<div>Tour de taille : 72 cm<\/div>\n<div><\/div>\n<div>-Inf\u00e9rieur<\/div>\n<div>Hauteur : 95cm<\/div>\n<div>Tour de taille : 52 cm<\/div>\n<div>Jambe : 28 cm<\/div>\n<div><\/div>\n<div>\u00a0 La taille au-dessus du mod\u00e8le est la taille -S-.<\/div>\n<div><\/div>\n<div>Informations sur le tissu<\/div>\n<div><\/div>\n<div>86% Polyester<\/div>\n<div>14% \u00c9lasthanne<\/div>","protected":false},"excerpt":{"rendered":"<p>Product information -It consists of four parts. -Vertical Collar. -Shipping is provided with long sleeve top, long bottom, bonnet and bustier. &#8211; It is unlined, does not show through. -It is lycra. -Top Height : 94 cm Bust : 80 cm Waist : 72 cm -Lower Height : 95 cm Waist : 52 cm Leg: [&#8230;]\n","protected":false},"featured_media":897,"comment_status":"open","ping_status":"closed","template":"","meta":[],"product_brand":[],"product_cat":[102],"product_tag":[116,117],"class_list":{"0":"post-890","1":"product","2":"type-product","3":"status-publish","4":"has-post-thumbnail","6":"product_cat-burkini","7":"product_tag-burkini","8":"product_tag-burkini-wholesale","10":"first","11":"instock","12":"shipping-taxable","13":"purchasable","14":"product-type-variable"},"_links":{"self":[{"href":"https:\/\/hicabistan.com\/fr\/wp-json\/wp\/v2\/product\/890","targetHints":{"allow":["GET"]}}],"collection":[{"href":"https:\/\/hicabistan.com\/fr\/wp-json\/wp\/v2\/product"}],"about":[{"href":"https:\/\/hicabistan.com\/fr\/wp-json\/wp\/v2\/types\/product"}],"replies":[{"embeddable":true,"href":"https:\/\/hicabistan.com\/fr\/wp-json\/wp\/v2\/comments?post=890"}],"wp:featuredmedia":[{"embeddable":true,"href":"https:\/\/hicabistan.com\/fr\/wp-json\/wp\/v2\/media\/897"}],"wp:attachment":[{"href":"https:\/\/hicabistan.com\/fr\/wp-json\/wp\/v2\/media?parent=890"}],"wp:term":[{"taxonomy":"product_brand","embeddable":true,"href":"https:\/\/hicabistan.com\/fr\/wp-json\/wp\/v2\/product_brand?post=890"},{"taxonomy":"product_cat","embeddable":true,"href":"https:\/\/hicabistan.com\/fr\/wp-json\/wp\/v2\/product_cat?post=890"},{"taxonomy":"product_tag","embeddable":true,"href":"https:\/\/hicabistan.com\/fr\/wp-json\/wp\/v2\/product_tag?post=890"}],"curies":[{"name":"wp","href":"https:\/\/api.w.org\/{rel}","templated":true}]}}