{"id":901,"date":"2023-01-19T19:00:05","date_gmt":"2023-01-19T19:00:05","guid":{"rendered":"https:\/\/hicabistan.com\/?post_type=product&#038;p=901"},"modified":"2024-10-09T10:45:55","modified_gmt":"2024-10-09T10:45:55","slug":"ethnic-patterned-burkini-black","status":"publish","type":"product","link":"https:\/\/hicabistan.com\/fr\/ethnic-patterned-burkini-black\/","title":{"rendered":"Burkini Motif Ethnique Noir"},"content":{"rendered":"<div>Information produit<\/div>\n<div><\/div>\n<div>-Il se compose de quatre parties.<\/div>\n<div>-L&#039;exp\u00e9dition est assur\u00e9e avec haut \u00e0 manches longues, bas long, bonnet, bustier<\/div>\n<div>-Non doubl\u00e9, non transparent<\/div>\n<div><\/div>\n<div>-Haut<\/div>\n<div>Hauteur : 95cm<\/div>\n<div>Buste : 104 cm<\/div>\n<div>Tour de taille : 100 cm<\/div>\n<div><\/div>\n<div>-Inf\u00e9rieur<\/div>\n<div>Hauteur : 97cm<\/div>\n<div>Tour de taille : 78 cm<\/div>\n<div>Jambe : 34 cm<\/div>\n<div><\/div>\n<div>\u00a0 La taille au-dessus du mod\u00e8le est - 3XL - taille.<\/div>\n<div><\/div>\n<div>Informations sur le tissu<\/div>\n<div><\/div>\n<div>88% Polyester<\/div>\n<div>12% \u00c9lasthanne<\/div>","protected":false},"excerpt":{"rendered":"<p>Product information -It consists of four parts. -Shipping is provided with long sleeve top, long bottom, bonnet, bustier -Unlined, no see-through -Top Height : 95 cm Bust : 104 cm Waist : 100 cm -Lower Height: 97 cm Waist : 78 cm Leg: 34 cm \u00a0 The size above the model is &#8211; 3XL &#8211; [&#8230;]\n","protected":false},"featured_media":906,"comment_status":"open","ping_status":"closed","template":"","meta":[],"product_brand":[],"product_cat":[102],"product_tag":[116,118,119],"class_list":{"0":"post-901","1":"product","2":"type-product","3":"status-publish","4":"has-post-thumbnail","6":"product_cat-burkini","7":"product_tag-burkini","8":"product_tag-swimwear-hijab","9":"product_tag-wholesale-burkini","11":"first","12":"instock","13":"shipping-taxable","14":"purchasable","15":"product-type-variable"},"_links":{"self":[{"href":"https:\/\/hicabistan.com\/fr\/wp-json\/wp\/v2\/product\/901","targetHints":{"allow":["GET"]}}],"collection":[{"href":"https:\/\/hicabistan.com\/fr\/wp-json\/wp\/v2\/product"}],"about":[{"href":"https:\/\/hicabistan.com\/fr\/wp-json\/wp\/v2\/types\/product"}],"replies":[{"embeddable":true,"href":"https:\/\/hicabistan.com\/fr\/wp-json\/wp\/v2\/comments?post=901"}],"wp:featuredmedia":[{"embeddable":true,"href":"https:\/\/hicabistan.com\/fr\/wp-json\/wp\/v2\/media\/906"}],"wp:attachment":[{"href":"https:\/\/hicabistan.com\/fr\/wp-json\/wp\/v2\/media?parent=901"}],"wp:term":[{"taxonomy":"product_brand","embeddable":true,"href":"https:\/\/hicabistan.com\/fr\/wp-json\/wp\/v2\/product_brand?post=901"},{"taxonomy":"product_cat","embeddable":true,"href":"https:\/\/hicabistan.com\/fr\/wp-json\/wp\/v2\/product_cat?post=901"},{"taxonomy":"product_tag","embeddable":true,"href":"https:\/\/hicabistan.com\/fr\/wp-json\/wp\/v2\/product_tag?post=901"}],"curies":[{"name":"wp","href":"https:\/\/api.w.org\/{rel}","templated":true}]}}