{"id":938,"date":"2023-01-23T14:40:13","date_gmt":"2023-01-23T14:40:13","guid":{"rendered":"https:\/\/hicabistan.com\/?post_type=product&#038;p=938"},"modified":"2024-10-09T10:45:53","modified_gmt":"2024-10-09T10:45:53","slug":"luxury-jazz-hijab","status":"publish","type":"product","link":"https:\/\/hicabistan.com\/fr\/luxury-jazz-hijab\/","title":{"rendered":"Hijab Jazz de luxe"},"content":{"rendered":"<p>Le Luxury Jazz Hijab est un hijab luxueux de haute qualit\u00e9 fabriqu\u00e9 \u00e0 partir de mat\u00e9riaux haut de gamme. Le hijab est con\u00e7u pour \u00eatre confortable et facile \u00e0 porter, avec une structure flexible qui lui permet de se draper magnifiquement autour de votre visage et de vos \u00e9paules. Le hijab est parfait pour toutes les occasions, que vous vous d\u00e9guisiez pour un \u00e9v\u00e9nement sp\u00e9cial ou que vous recherchiez simplement un hijab confortable et \u00e9l\u00e9gant au quotidien.<\/p>\n<p>Caract\u00e9ristiques:<br \/>\n\u2013 Fabriqu\u00e9 \u00e0 partir de mat\u00e9riaux jazz\/aerobin de premi\u00e8re qualit\u00e9<br \/>\n\u2013 Structure flexible pour un ajustement confortable<br \/>\n\u2013 Ne se froisse pas<br \/>\n\u2013 Disponible dans une gamme de couleurs et de styles<br \/>\nAvantages:<br \/>\n- Ayez l&#039;air luxueux avec les mat\u00e9riaux de haute qualit\u00e9 et le beau design du Hijab Luxury Jazz<br \/>\n\u2013 Restez \u00e0 l&#039;aise toute la journ\u00e9e gr\u00e2ce \u00e0 la structure flexible et au tissu infroissable<br \/>\n- Choisissez parmi une gamme de couleurs et de styles pour trouver le hijab parfait pour toutes les occasions<\/p>","protected":false},"excerpt":{"rendered":"<p>The Luxury Jazz Hijab is a high-quality, luxurious hijab made from premium materials. The hijab is designed to be comfortable and easy to wear, with a flexible structure that allows it to drape beautifully around your face and shoulders. The hijab is perfect for any occasion, whether you&#8217;re dressing up for a special event or [&#8230;]\n","protected":false},"featured_media":1601,"comment_status":"open","ping_status":"closed","template":"","meta":[],"product_brand":[],"product_cat":[76],"product_tag":[],"class_list":{"0":"post-938","1":"product","2":"type-product","3":"status-publish","4":"has-post-thumbnail","6":"product_cat-jazz-hijab","8":"first","9":"instock","10":"shipping-taxable","11":"purchasable","12":"product-type-simple"},"_links":{"self":[{"href":"https:\/\/hicabistan.com\/fr\/wp-json\/wp\/v2\/product\/938","targetHints":{"allow":["GET"]}}],"collection":[{"href":"https:\/\/hicabistan.com\/fr\/wp-json\/wp\/v2\/product"}],"about":[{"href":"https:\/\/hicabistan.com\/fr\/wp-json\/wp\/v2\/types\/product"}],"replies":[{"embeddable":true,"href":"https:\/\/hicabistan.com\/fr\/wp-json\/wp\/v2\/comments?post=938"}],"wp:featuredmedia":[{"embeddable":true,"href":"https:\/\/hicabistan.com\/fr\/wp-json\/wp\/v2\/media\/1601"}],"wp:attachment":[{"href":"https:\/\/hicabistan.com\/fr\/wp-json\/wp\/v2\/media?parent=938"}],"wp:term":[{"taxonomy":"product_brand","embeddable":true,"href":"https:\/\/hicabistan.com\/fr\/wp-json\/wp\/v2\/product_brand?post=938"},{"taxonomy":"product_cat","embeddable":true,"href":"https:\/\/hicabistan.com\/fr\/wp-json\/wp\/v2\/product_cat?post=938"},{"taxonomy":"product_tag","embeddable":true,"href":"https:\/\/hicabistan.com\/fr\/wp-json\/wp\/v2\/product_tag?post=938"}],"curies":[{"name":"wp","href":"https:\/\/api.w.org\/{rel}","templated":true}]}}