{"id":33,"date":"2016-08-04T11:15:19","date_gmt":"2016-08-04T11:15:19","guid":{"rendered":"http:\/\/flatsome.dev\/?page_id=8412"},"modified":"2023-01-26T10:15:15","modified_gmt":"2023-01-26T10:15:15","slug":"i-nostri-negozi","status":"publish","type":"page","link":"https:\/\/hicabistan.com\/it\/i-nostri-negozi\/","title":{"rendered":"I nostri negozi"},"content":{"rendered":"<div class=\"banner has-hover has-parallax\" id=\"banner-272261377\">\n          <div class=\"banner-inner fill\">\n        <div class=\"banner-bg fill\" data-parallax=\"-2\" data-parallax-container=\".banner\" data-parallax-background>\n            <img loading=\"lazy\" decoding=\"async\" width=\"1000\" height=\"650\" src=\"https:\/\/hicabistan.com\/wp-content\/uploads\/2016\/08\/dummy-2.jpg\" class=\"bg attachment-large size-large\" alt=\"\" \/>                        <div class=\"overlay\"><\/div>            \n                    <\/div>\n\t\t\n        <div class=\"banner-layers container\">\n            <div class=\"fill banner-link\"><\/div>            \n\n   <div id=\"text-box-1551823835\" class=\"text-box banner-layer x50 md-x50 lg-x50 y50 md-y50 lg-y50 res-text\">\n                                <div class=\"text-box-content text dark\">\n              \n              <div class=\"text-inner text-center\">\n                  \n\n<h1 class=\"uppercase\"><strong>I nostri negozi<\/strong><\/h1>\n<div class=\"is-divider divider clearfix\" ><\/div>\n\n<div class=\"social-icons share-icons share-row relative\" ><a href=\"whatsapp:\/\/send?text=Our%20Stores - https:\/\/hicabistan.com\/it\/i-nostri-negozi\/\" data-action=\"share\/whatsapp\/share\" class=\"icon button circle is-outline tooltip whatsapp show-for-medium\" title=\"Condividi su WhatsApp\" aria-label=\"Condividi su WhatsApp\"><i class=\"icon-whatsapp\" aria-hidden=\"true\"><\/i><\/a><a href=\"https:\/\/www.facebook.com\/sharer.php?u=https:\/\/hicabistan.com\/it\/i-nostri-negozi\/\" data-label=\"Facebook\" onclick=\"window.open(this.href,this.title,'width=500,height=500,top=300px,left=300px'); return false;\" target=\"_blank\" class=\"icon button circle is-outline tooltip facebook\" title=\"Condividi su Facebook\" aria-label=\"Condividi su Facebook\" rel=\"noopener nofollow\"><i class=\"icon-facebook\" aria-hidden=\"true\"><\/i><\/a><a href=\"https:\/\/twitter.com\/share?url=https:\/\/hicabistan.com\/it\/i-nostri-negozi\/\" onclick=\"window.open(this.href,this.title,'width=500,height=500,top=300px,left=300px'); return false;\" target=\"_blank\" class=\"icon button circle is-outline tooltip twitter\" title=\"Condividi su Twitter\" aria-label=\"Condividi su Twitter\" rel=\"noopener nofollow\"><i class=\"icon-twitter\" aria-hidden=\"true\"><\/i><\/a><a href=\"mailto:?subject=Our%20Stores&body=Dai%20un%26%23039%3Bocchiata%3A%20https%3A%2F%2Fhicabistan.com%2Fit%2Fi-nostri-negozi%2F\" class=\"icon button circle is-outline tooltip email\" title=\"Invia per email ad un Amico\" aria-label=\"Invia per email ad un Amico\" rel=\"nofollow\"><i class=\"icon-envelop\" aria-hidden=\"true\"><\/i><\/a><a href=\"https:\/\/pinterest.com\/pin\/create\/button?url=https:\/\/hicabistan.com\/it\/i-nostri-negozi\/&media=https:\/\/hicabistan.com\/wp-content\/uploads\/2016\/08\/dummy-1.jpg&description=Our%20Stores\" onclick=\"window.open(this.href,this.title,'width=500,height=500,top=300px,left=300px'); return false;\" target=\"_blank\" class=\"icon button circle is-outline tooltip pinterest\" title=\"Pin su Pinterest\" aria-label=\"Pin su Pinterest\" rel=\"noopener nofollow\"><i class=\"icon-pinterest\" aria-hidden=\"true\"><\/i><\/a><a href=\"https:\/\/www.linkedin.com\/shareArticle?mini=true&url=https:\/\/hicabistan.com\/it\/i-nostri-negozi\/&title=Our%20Stores\" onclick=\"window.open(this.href,this.title,'width=500,height=500,top=300px,left=300px'); return false;\" target=\"_blank\" class=\"icon button circle is-outline tooltip linkedin\" title=\"Condividi su LinkedIn\" aria-label=\"Condividi su LinkedIn\" rel=\"noopener nofollow\"><i class=\"icon-linkedin\" aria-hidden=\"true\"><\/i><\/a><\/div>\n\n\n              <\/div>\n           <\/div>\n                            \n<style>\n#text-box-1551823835 {\n  width: 60%;\n}\n#text-box-1551823835 .text-box-content {\n  font-size: 100%;\n}\n@media (min-width:550px) {\n  #text-box-1551823835 {\n    width: 68%;\n  }\n}\n<\/style>\n    <\/div>\n \n\n        <\/div>\n      <\/div>\n\n            \n<style>\n#banner-272261377 {\n  padding-top: 300px;\n}\n#banner-272261377 .overlay {\n  background-color: rgba(0, 0, 0, 0.2);\n}\n<\/style>\n  <\/div>\n\n\n<div class=\"row\"  id=\"row-1687642221\">\n\n\n\t<div id=\"col-982793830\" class=\"col small-12 large-12\"  >\n\t\t\t\t<div class=\"col-inner\"  >\n\t\t\t\n\t\t\t\n\n\t<div id=\"text-124079061\" class=\"text\">\n\t\t\n\n<h3 class=\"lead\">Vi invitiamo a visitare il nostro ufficio vendite e la fabbrica. Assicurati di fissare un appuntamento prima di venire.<\/h3>\n\t\t\n<style>\n#text-124079061 {\n  line-height: 1.85;\n}\n<\/style>\n\t<\/div>\n\t\n\n\t\t<div class=\"tabbed-content\">\n\t\t\t\n\t\t\t<ul class=\"nav nav-line nav-vertical nav-uppercase nav-size-normal nav-left\" role=\"tablist\"><li id=\"tab-istanbul-factory\" class=\"tab active has-icon\" role=\"presentation\"><a href=\"#tab_istanbul-factory\" role=\"tab\" aria-selected=\"true\" aria-controls=\"tab_istanbul-factory\"><span>FABBRICA DI ISTANBUL<\/span><\/a><\/li>\n<li id=\"tab-istanbul-office\" class=\"tab has-icon\" role=\"presentation\"><a href=\"#tab_istanbul-office\" tabindex=\"-1\" role=\"tab\" aria-selected=\"false\" aria-controls=\"tab_istanbul-office\"><span>UFFICIO DI ISTANBUL<\/span><\/a><\/li><\/ul><div class=\"tab-panels\"><div id=\"tab_istanbul-factory\" class=\"panel active entry-content\" role=\"tabpanel\" aria-labelledby=\"tab-istanbul-factory\">\n\n<div class=\"message-box relative dark\" style=\"padding-top:15px;padding-bottom:15px;\"><div class=\"message-box-bg-image bg-fill fill\" ><\/div><div class=\"message-box-bg-overlay bg-fill fill\" ><\/div><div class=\"container relative\"><div class=\"inner last-reset\">\n\n<div class=\"row align-middle align-center\"  id=\"row-1161226433\">\n\n\n\t<div id=\"col-1733873360\" class=\"col medium-9 small-12 large-9\"  >\n\t\t\t\t<div class=\"col-inner\"  >\n\t\t\t\n\t\t\t\n\n<p>Mehmet Nesih \u00d6zmen, Ihlamur Soka\u011f\u0131 No:3, 34160 G\u00fcng\u00f6ren\/\u0130stanbul<\/p>\n\n\t\t<\/div>\n\t\t\t\t\t<\/div>\n\n\t\n\n\t<div id=\"col-72442258\" class=\"col medium-2 small-12 large-2\"  >\n\t\t\t\t<div class=\"col-inner text-center\"  >\n\t\t\t\n\t\t\t\n\n<a href=\"https:\/\/wa.me\/message\/MEEVFEN5FYOVL1\" target=\"_blank\" class=\"button secondary is-shade\" rel=\"noopener nofollow\" style=\"border-radius:99px;padding:3px 130px 0px 9px;\">\n\t\t<span>APPUNTAMENTO<\/span>\n\t<\/a>\n\n\n\n\t\t<\/div>\n\t\t\t\t\t<\/div>\n\n\t\n\n<\/div>\n\n<\/div><\/div><\/div>\n\n<\/div>\n<div id=\"tab_istanbul-office\" class=\"panel entry-content\" role=\"tabpanel\" aria-labelledby=\"tab-istanbul-office\">\n\n<div class=\"message-box relative dark\" style=\"padding-top:15px;padding-bottom:15px;\"><div class=\"message-box-bg-image bg-fill fill\" ><\/div><div class=\"message-box-bg-overlay bg-fill fill\" ><\/div><div class=\"container relative\"><div class=\"inner last-reset\">\n\n<div class=\"row align-middle align-center\"  id=\"row-1149832069\">\n\n\n\t<div id=\"col-221322608\" class=\"col medium-9 small-12 large-9\"  >\n\t\t\t\t<div class=\"col-inner\"  >\n\t\t\t\n\t\t\t\n\n<p\">Oru\u00e7 Reis Mah. Tekstilkent A3 Blok Esenler\/Istanbul<\/p>\n<p>Sede della societ\u00e0 Hicabistan<\/p>\n\n\t\t<\/div>\n\t\t\t\t\t<\/div>\n\n\t\n\n\t<div id=\"col-1077210971\" class=\"col medium-2 small-12 large-2\"  >\n\t\t\t\t<div class=\"col-inner text-center\"  >\n\t\t\t\n\t\t\t\n\n<a href=\"https:\/\/wa.me\/message\/MEEVFEN5FYOVL1\" target=\"_blank\" class=\"button secondary is-shade\" rel=\"noopener nofollow\" style=\"border-radius:99px;padding:3px 130px 0px 9px;\">\n\t\t<span>APPUNTAMENTO<\/span>\n\t<\/a>\n\n\n\n\t\t<\/div>\n\t\t\t\t\t<\/div>\n\n\t\n\n<\/div>\n\n<\/div><\/div><\/div>\n\n<\/div><\/div><\/div>\n\t<div class=\"img has-hover x md-x lg-x y md-y lg-y\" id=\"image_1459541664\">\n\t\t\t\t\t\t\t\t<div class=\"img-inner dark\" >\n\t\t\t<img loading=\"lazy\" decoding=\"async\" width=\"533\" height=\"400\" src=\"https:\/\/hicabistan.com\/wp-content\/uploads\/2023\/01\/IMG_0008-min-533x400.jpg\" class=\"attachment-medium size-medium\" alt=\"Fabbrica di Hijab all&#039;ingrosso\" srcset=\"https:\/\/hicabistan.com\/wp-content\/uploads\/2023\/01\/IMG_0008-min-533x400.jpg 533w, https:\/\/hicabistan.com\/wp-content\/uploads\/2023\/01\/IMG_0008-min-scaled-247x185.jpg 247w, https:\/\/hicabistan.com\/wp-content\/uploads\/2023\/01\/IMG_0008-min-scaled-510x383.jpg 510w, https:\/\/hicabistan.com\/wp-content\/uploads\/2023\/01\/IMG_0008-min-1067x800.jpg 1067w, https:\/\/hicabistan.com\/wp-content\/uploads\/2023\/01\/IMG_0008-min-768x576.jpg 768w, https:\/\/hicabistan.com\/wp-content\/uploads\/2023\/01\/IMG_0008-min-1536x1152.jpg 1536w, https:\/\/hicabistan.com\/wp-content\/uploads\/2023\/01\/IMG_0008-min-2048x1536.jpg 2048w\" sizes=\"auto, (max-width: 533px) 100vw, 533px\" \/>\t\t\t\t\t\t\n\t\t\t\t\t\t\t<div class=\"caption\">Fabbrica Hijab all&#039;ingrosso (il nostro ufficio)<\/div>\n\t\t\t\t\t<\/div>\n\t\t\t\t\t\t\t\t\n<style>\n#image_1459541664 {\n  width: 54%;\n}\n<\/style>\n\t<\/div>\n\t\n\n\n\t\t<\/div>\n\t\t\t\t\t<\/div>\n\n\t\n\n<\/div>","protected":false},"excerpt":{"rendered":"","protected":false},"author":2,"featured_media":16,"parent":0,"menu_order":0,"comment_status":"closed","ping_status":"closed","template":"page-blank.php","meta":{"footnotes":""},"class_list":["post-33","page","type-page","status-publish","has-post-thumbnail","hentry"],"_links":{"self":[{"href":"https:\/\/hicabistan.com\/it\/wp-json\/wp\/v2\/pages\/33","targetHints":{"allow":["GET"]}}],"collection":[{"href":"https:\/\/hicabistan.com\/it\/wp-json\/wp\/v2\/pages"}],"about":[{"href":"https:\/\/hicabistan.com\/it\/wp-json\/wp\/v2\/types\/page"}],"author":[{"embeddable":true,"href":"https:\/\/hicabistan.com\/it\/wp-json\/wp\/v2\/users\/2"}],"replies":[{"embeddable":true,"href":"https:\/\/hicabistan.com\/it\/wp-json\/wp\/v2\/comments?post=33"}],"version-history":[{"count":0,"href":"https:\/\/hicabistan.com\/it\/wp-json\/wp\/v2\/pages\/33\/revisions"}],"wp:featuredmedia":[{"embeddable":true,"href":"https:\/\/hicabistan.com\/it\/wp-json\/wp\/v2\/media\/16"}],"wp:attachment":[{"href":"https:\/\/hicabistan.com\/it\/wp-json\/wp\/v2\/media?parent=33"}],"curies":[{"name":"parola chiave","href":"https:\/\/api.w.org\/{rel}","templated":true}]}}