{"id":90,"date":"2013-08-11T19:06:15","date_gmt":"2013-08-11T19:06:15","guid":{"rendered":"http:\/\/localhost:8888\/test\/?page_id=520"},"modified":"2022-10-28T14:15:16","modified_gmt":"2022-10-28T14:15:16","slug":"about","status":"publish","type":"page","link":"https:\/\/hicabistan.com\/it\/about\/","title":{"rendered":"Di"},"content":{"rendered":"<div class=\"banner has-hover has-parallax\" id=\"banner-1322097318\">\n          <div class=\"banner-inner fill\">\n        <div class=\"banner-bg fill\" data-parallax=\"-3\" data-parallax-container=\".banner\" data-parallax-background>\n            <img loading=\"lazy\" decoding=\"async\" width=\"1000\" height=\"650\" src=\"https:\/\/hicabistan.com\/wp-content\/uploads\/2016\/08\/dummy-2.jpg\" class=\"bg attachment-large size-large\" alt=\"\" \/>                        <div class=\"overlay\"><\/div>            \n                    <\/div>\n\t\t\n        <div class=\"banner-layers container\">\n            <div class=\"fill banner-link\"><\/div>            \n\n   <div id=\"text-box-1047665820\" class=\"text-box banner-layer x50 md-x50 lg-x50 y80 md-y80 lg-y80 res-text\">\n                                <div class=\"text-box-content text dark\">\n              \n              <div class=\"text-inner text-center\">\n                  \n\n<h1 class=\"lead\">Chi siamo<\/h1>\n<p class=\"lead\">&nbsp;<\/p>\n\n              <\/div>\n           <\/div>\n                            \n<style>\n#text-box-1047665820 {\n  width: 60%;\n}\n#text-box-1047665820 .text-box-content {\n  font-size: 100%;\n}\n<\/style>\n    <\/div>\n \n\n        <\/div>\n      <\/div>\n\n            \n<style>\n#banner-1322097318 {\n  padding-top: 500px;\n}\n#banner-1322097318 .overlay {\n  background-color: rgba(0, 0, 0, 0.49);\n}\n@media (min-width:550px) {\n  #banner-1322097318 {\n    padding-top: 507px;\n  }\n}\n<\/style>\n  <\/div>\n\n\n<div class=\"row\"  id=\"row-268630611\">\n\n\n\t<div id=\"col-663704010\" class=\"col small-12 large-12\"  >\n\t\t\t\t<div class=\"col-inner\"  >\n\t\t\t\n\t\t\t\n\n\t<div id=\"text-1723661417\" class=\"text\">\n\t\t\n\n<p class=\"lead text-center\"><strong><img loading=\"lazy\" decoding=\"async\" class=\"alignnone  wp-image-270 alignright\" src=\"https:\/\/hicabistan.com\/wp-content\/uploads\/2022\/04\/light-mode-png.png\" alt=\"hicabistanlogo\" width=\"244\" height=\"66\" srcset=\"https:\/\/hicabistan.com\/wp-content\/uploads\/2022\/04\/light-mode-png.png 318w, https:\/\/hicabistan.com\/wp-content\/uploads\/2022\/04\/light-mode-png-247x67.png 247w\" sizes=\"auto, (max-width: 244px) 100vw, 244px\" \/><\/strong><\/p>\n<h3 class=\"lead text-center\">La nostra azienda, che produce tessuti e tessuti dal 2001, \u00e8 entrata nel settore Modesty dal 2004. La nostra fabbrica di hijab all&#039;ingrosso, aperta prima nei paesi asiatici e poi in Europa, America e Australia, \u00e8 stata conosciuta come una delle migliori fabbriche nel settore da molti anni.<\/h3>\n<p>&nbsp;<\/p>\n<h3><img loading=\"lazy\" decoding=\"async\" class=\"size-medium wp-image-308 alignright\" src=\"https:\/\/hicabistan.com\/wp-content\/uploads\/2022\/04\/altin-varakli-osmanli-ferace-ve-sal-1299-60610-323771-30-B-267x400.jpg\" alt=\"abaya1\" width=\"267\" height=\"400\" srcset=\"https:\/\/hicabistan.com\/wp-content\/uploads\/2022\/04\/altin-varakli-osmanli-ferace-ve-sal-1299-60610-323771-30-B-267x400.jpg 267w, https:\/\/hicabistan.com\/wp-content\/uploads\/2022\/04\/altin-varakli-osmanli-ferace-ve-sal-1299-60610-323771-30-B-247x371.jpg 247w, https:\/\/hicabistan.com\/wp-content\/uploads\/2022\/04\/altin-varakli-osmanli-ferace-ve-sal-1299-60610-323771-30-B-510x765.jpg 510w, https:\/\/hicabistan.com\/wp-content\/uploads\/2022\/04\/altin-varakli-osmanli-ferace-ve-sal-1299-60610-323771-30-B-533x800.jpg 533w, https:\/\/hicabistan.com\/wp-content\/uploads\/2022\/04\/altin-varakli-osmanli-ferace-ve-sal-1299-60610-323771-30-B-768x1152.jpg 768w, https:\/\/hicabistan.com\/wp-content\/uploads\/2022\/04\/altin-varakli-osmanli-ferace-ve-sal-1299-60610-323771-30-B-1024x1536.jpg 1024w, https:\/\/hicabistan.com\/wp-content\/uploads\/2022\/04\/altin-varakli-osmanli-ferace-ve-sal-1299-60610-323771-30-B-600x900.jpg 600w, https:\/\/hicabistan.com\/wp-content\/uploads\/2022\/04\/altin-varakli-osmanli-ferace-ve-sal-1299-60610-323771-30-B.jpg 1200w\" sizes=\"auto, (max-width: 267px) 100vw, 267px\" \/><\/h3>\n<h3>Con pi\u00f9 di 5000 prodotti in magazzino, offriamo ai nostri clienti una vasta gamma di prodotti. Possiamo realizzare produzioni speciali per i nostri clienti se lo desiderano. La nostra prima priorit\u00e0 con i nostri clienti \u00e8 continuare la nostra attivit\u00e0 per molti anni. Come in ogni attivit\u00e0, noi, in qualit\u00e0 di fornitori, dobbiamo aiutarvi a vincere nel vostro mercato e, in questo modo, possiamo realizzare un profitto comune.<\/h3>\n<p>&nbsp;<\/p>\n<h2 style=\"text-align: left;\"><strong>Alcuni ambiti in cui operiamo<\/strong><\/h2>\n<ul>\n<li style=\"text-align: left;\">\n<h3>Hijab all&#039;ingrosso<\/h3>\n<\/li>\n<li style=\"text-align: left;\">\n<h3>Abaya all&#039;ingrosso<\/h3>\n<\/li>\n<li style=\"text-align: left;\">\n<h3>Regali islamici all&#039;ingrosso<\/h3>\n<\/li>\n<li style=\"text-align: left;\">\n<h3>Sacro Corano all&#039;ingrosso<\/h3>\n<\/li>\n<li style=\"text-align: left;\">\n<h3>Borsa all&#039;ingrosso<\/h3>\n<\/li>\n<li style=\"text-align: left;\">\n<h3>Confezione regalo all&#039;ingrosso<\/h3>\n<\/li>\n<li style=\"text-align: left;\">\n<h3>Abbigliamento all&#039;ingrosso<\/h3>\n<\/li>\n<li>\n<h3 style=\"text-align: left;\">Servizio fotografico<\/h3>\n<\/li>\n<\/ul>\n<p>&nbsp;<\/p>\n<p>&nbsp;<\/p>\n<h2>Procedura di acquisto<\/h2>\n<h3>Tutti i prodotti che vendiamo sono venduti all&#039;ingrosso, ma i nostri clienti possono anche acquistare al dettaglio se lo desiderano. I carichi che inviamo sono assicurati 100% con una compagnia di fama mondiale. In caso di problemi con i prodotti ricevuti, \u00e8 possibile risolvere il problema contattando l&#039;ufficio vendite della nostra azienda. Diamo una garanzia di soddisfazione a tutti i nostri clienti.<\/h3>\n<p><img loading=\"lazy\" decoding=\"async\" class=\"alignnone size-medium wp-image-309\" src=\"https:\/\/hicabistan.com\/wp-content\/uploads\/2022\/04\/Group-1-2048x359-1-800x140.png\" alt=\"Corriere\" width=\"800\" height=\"140\" srcset=\"https:\/\/hicabistan.com\/wp-content\/uploads\/2022\/04\/Group-1-2048x359-1-800x140.png 800w, https:\/\/hicabistan.com\/wp-content\/uploads\/2022\/04\/Group-1-2048x359-1-247x43.png 247w, https:\/\/hicabistan.com\/wp-content\/uploads\/2022\/04\/Group-1-2048x359-1-510x89.png 510w, https:\/\/hicabistan.com\/wp-content\/uploads\/2022\/04\/Group-1-2048x359-1-1400x245.png 1400w, https:\/\/hicabistan.com\/wp-content\/uploads\/2022\/04\/Group-1-2048x359-1-768x135.png 768w, https:\/\/hicabistan.com\/wp-content\/uploads\/2022\/04\/Group-1-2048x359-1-1536x269.png 1536w, https:\/\/hicabistan.com\/wp-content\/uploads\/2022\/04\/Group-1-2048x359-1-600x105.png 600w, https:\/\/hicabistan.com\/wp-content\/uploads\/2022\/04\/Group-1-2048x359-1.png 2048w\" sizes=\"auto, (max-width: 800px) 100vw, 800px\" \/><\/p>\n\t\t\n<style>\n#text-1723661417 {\n  text-align: center;\n}\n@media (min-width:550px) {\n  #text-1723661417 {\n    text-align: center;\n  }\n}\n<\/style>\n\t<\/div>\n\t\n<div class=\"text-center\"><div class=\"is-divider divider clearfix\" ><\/div><\/div>\n\n\n\t\t<\/div>\n\t\t\t\t\t<\/div>\n\n\t\n\n<\/div>","protected":false},"excerpt":{"rendered":"","protected":false},"author":2,"featured_media":16,"parent":0,"menu_order":0,"comment_status":"closed","ping_status":"closed","template":"page-transparent-header-light.php","meta":{"footnotes":""},"class_list":["post-90","page","type-page","status-publish","has-post-thumbnail","hentry"],"_links":{"self":[{"href":"https:\/\/hicabistan.com\/it\/wp-json\/wp\/v2\/pages\/90","targetHints":{"allow":["GET"]}}],"collection":[{"href":"https:\/\/hicabistan.com\/it\/wp-json\/wp\/v2\/pages"}],"about":[{"href":"https:\/\/hicabistan.com\/it\/wp-json\/wp\/v2\/types\/page"}],"author":[{"embeddable":true,"href":"https:\/\/hicabistan.com\/it\/wp-json\/wp\/v2\/users\/2"}],"replies":[{"embeddable":true,"href":"https:\/\/hicabistan.com\/it\/wp-json\/wp\/v2\/comments?post=90"}],"version-history":[{"count":0,"href":"https:\/\/hicabistan.com\/it\/wp-json\/wp\/v2\/pages\/90\/revisions"}],"wp:featuredmedia":[{"embeddable":true,"href":"https:\/\/hicabistan.com\/it\/wp-json\/wp\/v2\/media\/16"}],"wp:attachment":[{"href":"https:\/\/hicabistan.com\/it\/wp-json\/wp\/v2\/media?parent=90"}],"curies":[{"name":"parola chiave","href":"https:\/\/api.w.org\/{rel}","templated":true}]}}