{"id":1281,"date":"2023-01-31T00:33:03","date_gmt":"2023-01-31T00:33:03","guid":{"rendered":"https:\/\/hicabistan.com\/?post_type=product&#038;p=1281"},"modified":"2024-10-09T10:45:53","modified_gmt":"2024-10-09T10:45:53","slug":"khimar-seta-medina","status":"publish","type":"product","link":"https:\/\/hicabistan.com\/it\/khimar-seta-medina\/","title":{"rendered":"Seta di Khimar Medina"},"content":{"rendered":"<div style=\"width: 480px;\" class=\"wp-video\"><video class=\"wp-video-shortcode\" id=\"video-1281-1\" width=\"480\" height=\"848\" preload=\"metadata\" controls=\"controls\"><source type=\"video\/mp4\" src=\"https:\/\/hicabistan.com\/wp-content\/uploads\/2023\/01\/WhatsApp-Video-2023-01-25-at-14.53.26.mp4?_=1\" \/><a href=\"https:\/\/hicabistan.com\/wp-content\/uploads\/2023\/01\/WhatsApp-Video-2023-01-25-at-14.53.26.mp4\">https:\/\/hicabistan.com\/wp-content\/uploads\/2023\/01\/WhatsApp-Video-2023-01-25-at-14.53.26.mp4<\/a><\/video><\/div>\n<p>Regalati un aggiornamento di stile con la nostra splendida collezione Khimar Medina Silk! Caratterizzata da tessuti leggeri e traspiranti, insieme a un&#039;eleganza senza tempo e uno stile senza eguali, questa collezione \u00e8 perfetta per ogni occasione.<\/p>\n<figure id=\"attachment_1139\" aria-describedby=\"caption-attachment-1139\" style=\"width: 400px\" class=\"wp-caption alignright\"><img loading=\"lazy\" decoding=\"async\" class=\"wp-image-1139 size-medium\" src=\"https:\/\/hicabistan.com\/wp-content\/uploads\/2023\/01\/khimar-one-2-400x400.jpg\" alt=\"Seta di Khimar Medina\" width=\"400\" height=\"400\" srcset=\"https:\/\/hicabistan.com\/wp-content\/uploads\/2023\/01\/khimar-one-2-400x400.jpg 400w, https:\/\/hicabistan.com\/wp-content\/uploads\/2023\/01\/khimar-one-2-247x247.jpg 247w, https:\/\/hicabistan.com\/wp-content\/uploads\/2023\/01\/khimar-one-2-100x100.jpg 100w, https:\/\/hicabistan.com\/wp-content\/uploads\/2023\/01\/khimar-one-2-510x510.jpg 510w, https:\/\/hicabistan.com\/wp-content\/uploads\/2023\/01\/khimar-one-2-800x800.jpg 800w, https:\/\/hicabistan.com\/wp-content\/uploads\/2023\/01\/khimar-one-2-280x280.jpg 280w, https:\/\/hicabistan.com\/wp-content\/uploads\/2023\/01\/khimar-one-2-768x768.jpg 768w, https:\/\/hicabistan.com\/wp-content\/uploads\/2023\/01\/khimar-one-2-1536x1536.jpg 1536w, https:\/\/hicabistan.com\/wp-content\/uploads\/2023\/01\/khimar-one-2.jpg 1600w\" sizes=\"auto, (max-width: 400px) 100vw, 400px\" \/><figcaption id=\"caption-attachment-1139\" class=\"wp-caption-text\">Seta di Khimar Medina<\/figcaption><\/figure>\n<h1>Scopri i vantaggi della seta Khimar Medina<\/h1>\n<p>La nostra collezione Khimar Medina Silk non \u00e8 solo perfetta per ogni occasione, ma offre anche numerosi vantaggi. Il tessuto leggero significa che rimarrai fresco e comodo tutto il giorno e i materiali traspiranti rendono questo set perfetto per le giornate estive. Inoltre, con i suoi design classici, puoi facilmente abbinare questi capi a una variet\u00e0 di altri elementi fondamentali del guardaroba per creare l&#039;insieme alla moda definitivo per una serata fuori o qualsiasi evento speciale.<\/p>\n<h2>Esplora i nostri diversi stili e collezioni<\/h2>\n<p>Che tu stia cercando qualcosa di elegante e senza tempo o qualcosa di moderno e audace, la nostra collezione Khimar Medina Silk all&#039;ingrosso ha tutto ci\u00f2 di cui hai bisogno. Con numerosi stili e collezioni diversi, puoi trovare il set perfetto per abbinarsi al tuo look e al tuo stile di vita. Dalle stampe accattivanti ai solidi vivaci, trova lo stile perfetto per te e rimani sempre alla moda e comodo.<\/p>\n<h2>Scegli la taglia giusta per il massimo comfort<\/h2>\n<p>Quando si tratta di selezionare il khimaar perfetto, le dimensioni sono un fattore essenziale. Il modo migliore per selezionare la taglia giusta di Khimar Medina Silk \u00e8 prendere accuratamente le misure del tuo corpo e quindi consultare la nostra tabella delle taglie per trovare la vestibilit\u00e0 perfetta. Scegliendo la taglia giusta, puoi sperimentare il massimo comfort, inoltre avrai un aspetto fantastico da ogni angolazione in questa splendida collezione.<\/p>\n<h2>Esperienza di qualit\u00e0 e durata impareggiabili<\/h2>\n<p>La nostra collezione Khimar Medina Silk \u00e8 realizzata con materiali di prima qualit\u00e0, garantendo una qualit\u00e0 elevata e un comfort eccezionale. Questa collezione versatile \u00e8 anche realizzata per durare e resistere agli elementi, cos\u00ec puoi goderti una silhouette senza tempo senza sentirti limitato dal tempo o dalle condizioni ambientali. Grazie al suo design resistente, puoi indossarlo per ogni occasione, da una giornata informale a una serata elegante o un evento festivo.<\/p>\n<h2>Crea look eleganti con facilit\u00e0 e praticit\u00e0<\/h2>\n<p>La nostra collezione Khimar Medina Silk ti consente di creare look eleganti con facilit\u00e0 e praticit\u00e0. Il tessuto \u00e8 leggero e traspirante, il che rende facile sovrapporre i pezzi insieme per creare abiti straordinari che si adattano a ogni occasione, da un incontro formale a una giornata informale. La versatilit\u00e0 del Khimar <a href=\"https:\/\/hicabistan.com\/it\/hijab-di-seta-medina-2\/\">Medina<\/a> significa che puoi spostarti facilmente tra i look per qualsiasi cosa ti porti la giornata, offrendo il massimo comfort lungo il percorso.<\/p>\n<p>&nbsp;<\/p>","protected":false},"excerpt":{"rendered":"<p>Give yourself a style upgrade with our stunning Khimar Medina Silk collection! Featuring lightweight and breathable fabrics, along with timeless elegance and unmatched style, this collection is perfect for any occasion. Learn about the Benefits of Khimar Medina Silk Our Khimar Medina Silk collection is not only perfect for any occasion but also provides numerous [&#8230;]\n","protected":false},"featured_media":1571,"comment_status":"open","ping_status":"closed","template":"","meta":[],"product_brand":[],"product_cat":[132],"product_tag":[136,135,134],"class_list":{"0":"post-1281","1":"product","2":"type-product","3":"status-publish","4":"has-post-thumbnail","6":"product_cat-khimar","7":"product_tag-khimar","8":"product_tag-khimar-medina-silk","9":"product_tag-wholesale-khimar","11":"first","12":"instock","13":"shipping-taxable","14":"purchasable","15":"product-type-simple"},"_links":{"self":[{"href":"https:\/\/hicabistan.com\/it\/wp-json\/wp\/v2\/product\/1281","targetHints":{"allow":["GET"]}}],"collection":[{"href":"https:\/\/hicabistan.com\/it\/wp-json\/wp\/v2\/product"}],"about":[{"href":"https:\/\/hicabistan.com\/it\/wp-json\/wp\/v2\/types\/product"}],"replies":[{"embeddable":true,"href":"https:\/\/hicabistan.com\/it\/wp-json\/wp\/v2\/comments?post=1281"}],"wp:featuredmedia":[{"embeddable":true,"href":"https:\/\/hicabistan.com\/it\/wp-json\/wp\/v2\/media\/1571"}],"wp:attachment":[{"href":"https:\/\/hicabistan.com\/it\/wp-json\/wp\/v2\/media?parent=1281"}],"wp:term":[{"taxonomy":"product_brand","embeddable":true,"href":"https:\/\/hicabistan.com\/it\/wp-json\/wp\/v2\/product_brand?post=1281"},{"taxonomy":"product_cat","embeddable":true,"href":"https:\/\/hicabistan.com\/it\/wp-json\/wp\/v2\/product_cat?post=1281"},{"taxonomy":"product_tag","embeddable":true,"href":"https:\/\/hicabistan.com\/it\/wp-json\/wp\/v2\/product_tag?post=1281"}],"curies":[{"name":"parola chiave","href":"https:\/\/api.w.org\/{rel}","templated":true}]}}