{"id":472,"date":"2023-08-15T19:27:34","date_gmt":"2023-08-15T19:27:34","guid":{"rendered":"https:\/\/hicabistan.com\/?post_type=product&#038;p=472"},"modified":"2024-10-09T10:45:52","modified_gmt":"2024-10-09T10:45:52","slug":"hijab-di-seta-medina","status":"publish","type":"product","link":"https:\/\/hicabistan.com\/it\/hijab-di-seta-medina\/","title":{"rendered":"Lusso Hijab Medina Seta"},"content":{"rendered":"<h1><strong>Vendita all&#039;ingrosso di seta Hijab Medina<\/strong><\/h1>\n<p>Con 63 diverse opzioni di colore, puoi acquistare qualsiasi numero di colori desideri. Pi\u00f9 pezzi acquisti, pi\u00f9 economico \u00e8 per pezzo. Se stai cercando un&#039;azienda di hijab che aggiunga eleganza e stile, il marchio Hicabistan Hijab Medina Silk \u00e8 la scelta perfetta. Con il suo tessuto lussuoso e le recensioni a cinque stelle, questo hijab rende facile apparire al meglio pur rimanendo modesto. Continua a leggere per saperne di pi\u00f9 su Medina Silk Hijab Wholesale e prendi una decisione informata con la nostra guida definitiva per gli acquirenti.<\/p>\n<figure id=\"attachment_806\" aria-describedby=\"caption-attachment-806\" style=\"width: 444px\" class=\"wp-caption alignright\"><img loading=\"lazy\" decoding=\"async\" class=\"wp-image-806\" src=\"https:\/\/hicabistan.com\/wp-content\/uploads\/2022\/11\/MRV_0023-min-600x400.jpg\" alt=\"Vendita all&#039;ingrosso di seta Hijab Medina\" width=\"444\" height=\"296\" srcset=\"https:\/\/hicabistan.com\/wp-content\/uploads\/2022\/11\/MRV_0023-min-600x400.jpg 600w, https:\/\/hicabistan.com\/wp-content\/uploads\/2022\/11\/MRV_0023-min-scaled-247x165.jpg 247w, https:\/\/hicabistan.com\/wp-content\/uploads\/2022\/11\/MRV_0023-min-scaled-510x340.jpg 510w, https:\/\/hicabistan.com\/wp-content\/uploads\/2022\/11\/MRV_0023-min-1200x800.jpg 1200w, https:\/\/hicabistan.com\/wp-content\/uploads\/2022\/11\/MRV_0023-min-768x512.jpg 768w, https:\/\/hicabistan.com\/wp-content\/uploads\/2022\/11\/MRV_0023-min-1536x1024.jpg 1536w, https:\/\/hicabistan.com\/wp-content\/uploads\/2022\/11\/MRV_0023-min-2048x1365.jpg 2048w\" sizes=\"auto, (max-width: 444px) 100vw, 444px\" \/><figcaption id=\"caption-attachment-806\" class=\"wp-caption-text\">Vendita all&#039;ingrosso di seta Hijab Medina<\/figcaption><\/figure>\n<h2>Cos&#039;\u00e8 l&#039;hijab di seta Medina?<\/h2>\n<p>Gli hijab di seta Medina sono hijab realizzati in tessuto di seta di alta qualit\u00e0 che offre una vestibilit\u00e0 lussuosa e confortevole. Questi hijab sono disponibili in diverse tonalit\u00e0 e stili, come tinte unite, volant e seta medina istantanea. Non solo questi hijab sono eleganti e lussuosi, ma offrono anche un&#039;ottima protezione contro i raggi del sole con un fattore SPF di 50+. Con il suo design moderno e la qualit\u00e0 artigianale, questo hijab aggiunger\u00e0 sicuramente un tocco di eleganza al tuo guardaroba.<\/p>\n<h3>Stili e stili di Hijab<\/h3>\n<p>Gli hijab di seta Medina sono disponibili in una variet\u00e0 di stili per adattarsi a molti look diversi. Che tu stia cercando un look classico ed elegante o qualcosa di pi\u00f9 moderno, c&#039;\u00e8 un hijab che fa al caso tuo. Gli hijab in tinta unita sono perfetti per chi desidera uno stile minimalista ed elegante, mentre i design volant offrono un&#039;estetica pi\u00f9 audace. Inoltre, la seta medina istantanea aggiunge un&#039;aria di divertimento e giocosit\u00e0 a qualsiasi outfit. Con queste eleganti opzioni tra cui scegliere, puoi facilmente scegliere l&#039;hijab perfetto per ogni occasione.<\/p>\n<h3>Quali sono le dimensioni?<\/h3>\n<p>Le dimensioni generali dei nostri hijab sono 75\u00d7190. Poich\u00e9 abbiamo realizzato i nostri prodotti con tessuti e metodi di cucitura della massima qualit\u00e0, abbiamo mantenuto il peso del prodotto a un livello ideale. Facciamo solo 190 cm perch\u00e9 il prodotto \u00e8 pi\u00f9 pesante. Puoi trovare 200 cm in diversi fornitori di hijab all&#039;ingrosso, ma il peso \u00e8 pi\u00f9 leggero e la qualit\u00e0 del tessuto \u00e8 inferiore.<\/p>\n<h4><strong>Conosci i tuoi tessuti e la qualit\u00e0<\/strong><\/h4>\n<p>Quando acquisti un Hijab Medina Silk all&#039;ingrosso, \u00e8 importante sapere che tipo di tessuti e qualit\u00e0 stai ricevendo. Gli hijab di seta Medina sono realizzati in seta di gelso naturale 100%, resistente, leggera e resistente. Le sete di qualit\u00e0 sono anche traspiranti e leggere e possono mantenerti fresco quando fa caldo. Inoltre, sono disponibili in una variet\u00e0 di trame come rasi o chiffon opachi che aggiungono lussuosit\u00e0. Cerca hijab con coloranti testati per assicurarti che il colore duri pi\u00f9 a lungo.<\/p>\n<h5><em><strong>Cura e manutenzione per Hijab Medina Silk<\/strong><\/em><\/h5>\n<p>Le istruzioni per la cura della tua sciarpa di seta Medina dipendono dal tipo di tessuto con cui \u00e8 realizzata. In generale, \u00e8 meglio lavare a mano l&#039;hijab in acqua fredda e asciugarlo all&#039;aria, poich\u00e9 il lavaggio in lavatrice pu\u00f2 danneggiare il tessuto delicato. Usa sempre un detergente delicato e segui le istruzioni fornite con il tuo hijab; alcuni tessuti potrebbero richiedere metodi di cura speciali come la stiratura o il lavaggio a secco.<\/p>","protected":false},"excerpt":{"rendered":"<p>Wholesale Hijab Medina Silk With 63 different color options, you can buy any number of colors you want. The more pieces you buy, the cheaper it is per piece. If you&#8217;re looking for a hijab company that adds elegance and style, the Hicabistan brand Hijab Medina Silk is the perfect choice. With its luxurious fabric [&#8230;]\n","protected":false},"featured_media":6459,"comment_status":"open","ping_status":"closed","template":"","meta":[],"product_brand":[],"product_cat":[72],"product_tag":[105,107,106],"class_list":{"0":"post-472","1":"product","2":"type-product","3":"status-publish","4":"has-post-thumbnail","6":"product_cat-medina-silk-hijab","7":"product_tag-hijab-medina-silk","8":"product_tag-medina-silk-hijab","9":"product_tag-wholesale-hijab-medina-silk","11":"first","12":"instock","13":"shipping-taxable","14":"purchasable","15":"product-type-simple"},"_links":{"self":[{"href":"https:\/\/hicabistan.com\/it\/wp-json\/wp\/v2\/product\/472","targetHints":{"allow":["GET"]}}],"collection":[{"href":"https:\/\/hicabistan.com\/it\/wp-json\/wp\/v2\/product"}],"about":[{"href":"https:\/\/hicabistan.com\/it\/wp-json\/wp\/v2\/types\/product"}],"replies":[{"embeddable":true,"href":"https:\/\/hicabistan.com\/it\/wp-json\/wp\/v2\/comments?post=472"}],"wp:featuredmedia":[{"embeddable":true,"href":"https:\/\/hicabistan.com\/it\/wp-json\/wp\/v2\/media\/6459"}],"wp:attachment":[{"href":"https:\/\/hicabistan.com\/it\/wp-json\/wp\/v2\/media?parent=472"}],"wp:term":[{"taxonomy":"product_brand","embeddable":true,"href":"https:\/\/hicabistan.com\/it\/wp-json\/wp\/v2\/product_brand?post=472"},{"taxonomy":"product_cat","embeddable":true,"href":"https:\/\/hicabistan.com\/it\/wp-json\/wp\/v2\/product_cat?post=472"},{"taxonomy":"product_tag","embeddable":true,"href":"https:\/\/hicabistan.com\/it\/wp-json\/wp\/v2\/product_tag?post=472"}],"curies":[{"name":"parola chiave","href":"https:\/\/api.w.org\/{rel}","templated":true}]}}