{"id":519,"date":"2022-12-28T14:42:19","date_gmt":"2022-12-28T14:42:19","guid":{"rendered":"https:\/\/hicabistan.com\/?post_type=product&#038;p=519"},"modified":"2024-10-09T10:45:54","modified_gmt":"2024-10-09T10:45:54","slug":"hijab-in-chiffon-istantaneo","status":"publish","type":"product","link":"https:\/\/hicabistan.com\/it\/hijab-in-chiffon-istantaneo\/","title":{"rendered":"Hijab in chiffon istantaneo"},"content":{"rendered":"<p>Se stai cercando un modo semplice ma elegante per completare il tuo outfit, allora l&#039;hijab in chiffon istantaneo \u00e8 la soluzione perfetta. Dai look casual di tutti i giorni agli splendidi completi da sera, questo versatile hijab ti aiuter\u00e0 sicuramente a creare qualsiasi tipo di look desideri. Dai un&#039;occhiata oggi e inizia a sentirti sicuro dei tuoi eleganti look hijab!<\/p>\n<figure id=\"attachment_1111\" aria-describedby=\"caption-attachment-1111\" style=\"width: 267px\" class=\"wp-caption alignright\"><img loading=\"lazy\" decoding=\"async\" class=\"wp-image-1111 size-medium\" src=\"https:\/\/hicabistan.com\/wp-content\/uploads\/2022\/12\/WhatsApp-Image-2023-01-30-at-12.40.04-267x400.jpeg\" alt=\"Hijab in chiffon istantaneo\" width=\"267\" height=\"400\" \/><figcaption id=\"caption-attachment-1111\" class=\"wp-caption-text\">Hijab in chiffon istantaneo<\/figcaption><\/figure>\n<h1>Scegli il tuo look hijab in chiffon istantaneo preferito<\/h1>\n<p>Con cos\u00ec tante opzioni l\u00e0 fuori quando si tratta di hijab chiffon istantanei, \u00e8 facile essere sopraffatti dall&#039;enorme numero di scelte. Per assicurarti di apparire al meglio, prenditi il tempo per decidere che tipo di stile vuoi: stai cercando qualcosa di classico e sobrio, grintoso e moderno, o anche un po&#039; audace? Una volta individuato il tipo di stile a cui miri, sar\u00e0 facile scegliere l&#039;hijab perfetto.<\/p>\n<h2>Ottieni la perfetta vestibilit\u00e0 dell&#039;hijab per il massimo comfort<\/h2>\n<p>Un corretto <a href=\"https:\/\/hicabistan.com\/it\/hijab\/\">hijab<\/a> la vestibilit\u00e0 \u00e8 essenziale per assicurarti di apparire al meglio. Un hijab in chiffon istantaneo dovrebbe adattarsi perfettamente ai lati della testa senza rigonfiamenti indesiderati o l&#039;hijab che scivola via. Se \u00e8 troppo stretto, pu\u00f2 diventare scomodo, e se \u00e8 troppo largo, non far\u00e0 il suo lavoro di tenere coperti i capelli e la zona del collo. Per ottenere una vestibilit\u00e0 precisa, potrebbe essere necessario provare diverse taglie prima di decidere quella che funzioner\u00e0 per te. Una volta ottenuta la vestibilit\u00e0 perfetta, non dimenticare di sigillarla con degli spilli in modo che tutto rimanga al suo posto tutto il giorno!<\/p>\n<h2>Rock ogni occasione con stili istantanei facili<\/h2>\n<p>Ottieni il look hijabi perfetto per ogni occasione e sfoggialo con stile. Ottieni istantaneamente un look chic e glamour con pochi passaggi. Un hijab in chiffon istantaneo pu\u00f2 essere disponibile in diverse tonalit\u00e0 e trame, vestire qualsiasi vestito e farti sembrare sempre bellissima. Che tu stia partecipando a un matrimonio, un raduno religioso o semplicemente per un caff\u00e8 con gli amici, sii certo che il tuo hijab non mancher\u00e0 mai di stupire!<\/p>\n<h2>Abbellisci il tuo look con combinazioni di colori mix-and-match<\/h2>\n<p>Crea diversi stili di hijab semplicemente mescolando e abbinando i diversi colori che hai. Sperimenta con tonalit\u00e0 pi\u00f9 chiare e pi\u00f9 scure o indossa anche hijab color pastello per un tocco morbido. Mescola stampe come righe e pois, oppure scegli un look monocromatico con tutti gli hijab testurizzati bianchi o neri. Puoi anche creare divertenti combinazioni di colori per distinguerti davvero dalla massa! Divertiti mentre ti accontenti con l&#039;hijab in chiffon istantaneo oggi!<\/p>\n<h2>Brilla sempre con sagome eleganti e design senza tempo<\/h2>\n<p>Con gli hijab in chiffon istantanei non devi preoccuparti dell&#039;uniformit\u00e0 e della monotonia, modella i tuoi hijab con i design pi\u00f9 alla moda per apparire favolosi in ogni occasione. Puoi dare un tocco unico ai tuoi look di tutti i giorni giocando con varie forme e silhouette. Inizia con un hijab a pieghe raccolte nei classici colori nero o marrone, oppure scegli hijab fluidi in georgette per le occasioni che richiedono pi\u00f9 fluidit\u00e0 ed eleganza. Mostra la tua sfarzo pur mantenendoti coperto con versioni con cappuccio di hijab in chiffon istantaneo!<\/p>","protected":false},"excerpt":{"rendered":"<p>If you&#8217;re looking for an effortless yet elegant way to complete your outfit, then the instant chiffon hijab is the perfect solution. From casual day-to-day looks, to gorgeous evening ensembles, this versatile hijab is sure to help you create any kind of look that you desire. Check it out today and start feeling confident in [&#8230;]\n","protected":false},"featured_media":1115,"comment_status":"open","ping_status":"closed","template":"","meta":[],"product_brand":[],"product_cat":[80],"product_tag":[],"class_list":{"0":"post-519","1":"product","2":"type-product","3":"status-publish","4":"has-post-thumbnail","6":"product_cat-instant-hijab","8":"first","9":"instock","10":"shipping-taxable","11":"purchasable","12":"product-type-simple"},"_links":{"self":[{"href":"https:\/\/hicabistan.com\/it\/wp-json\/wp\/v2\/product\/519","targetHints":{"allow":["GET"]}}],"collection":[{"href":"https:\/\/hicabistan.com\/it\/wp-json\/wp\/v2\/product"}],"about":[{"href":"https:\/\/hicabistan.com\/it\/wp-json\/wp\/v2\/types\/product"}],"replies":[{"embeddable":true,"href":"https:\/\/hicabistan.com\/it\/wp-json\/wp\/v2\/comments?post=519"}],"wp:featuredmedia":[{"embeddable":true,"href":"https:\/\/hicabistan.com\/it\/wp-json\/wp\/v2\/media\/1115"}],"wp:attachment":[{"href":"https:\/\/hicabistan.com\/it\/wp-json\/wp\/v2\/media?parent=519"}],"wp:term":[{"taxonomy":"product_brand","embeddable":true,"href":"https:\/\/hicabistan.com\/it\/wp-json\/wp\/v2\/product_brand?post=519"},{"taxonomy":"product_cat","embeddable":true,"href":"https:\/\/hicabistan.com\/it\/wp-json\/wp\/v2\/product_cat?post=519"},{"taxonomy":"product_tag","embeddable":true,"href":"https:\/\/hicabistan.com\/it\/wp-json\/wp\/v2\/product_tag?post=519"}],"curies":[{"name":"parola chiave","href":"https:\/\/api.w.org\/{rel}","templated":true}]}}