{"id":5816,"date":"2023-05-26T12:05:10","date_gmt":"2023-05-26T12:05:10","guid":{"rendered":"https:\/\/hicabistan.com\/?post_type=product&#038;p=5816"},"modified":"2024-10-09T10:45:55","modified_gmt":"2024-10-09T10:45:55","slug":"white-leaf-patterned-hijab-swimsuit-black","status":"publish","type":"product","link":"https:\/\/hicabistan.com\/it\/white-leaf-patterned-hijab-swimsuit-black\/","title":{"rendered":"Costume da bagno Hijab con motivo a foglie bianche Nero"},"content":{"rendered":"<div>Informazioni sul prodotto<\/div>\n<div><\/div>\n<div>-Consiste di tre parti.<\/div>\n<div>-Ha un collare verticale.<\/div>\n<div>-Osso del collo lungo inferiore del braccio lungo<\/div>\n<div>-Sfoderato<\/div>\n<div>-Non si vede dentro.<\/div>\n<div><\/div>\n<div>SUPERIORE<\/div>\n<div><\/div>\n<div>Altezza: 95 cm<\/div>\n<div>Busto: 88 cm<\/div>\n<div>Vita: 108 cm<\/div>\n<div><\/div>\n<div>INFERIORE<\/div>\n<div><\/div>\n<div>Altezza: 95 cm<\/div>\n<div>Busto: 52 cm<\/div>\n<div>Vita: 30 cm<\/div>\n<div><\/div>\n<div>Il prodotto sul modello \u00e8 \u2013 taglia S.<\/div>\n<div><\/div>\n<div>Informazioni sul tessuto<\/div>\n<div><\/div>\n<div>100% Poliestere<\/div>\n<div><\/div>\n<div>Si consiglia di prestare attenzione ai seguenti punti per utilizzare il prodotto per un periodo di tempo pi\u00f9 lungo.<\/div>\n<div>Non tenere il costume da bagno bagnato in un sacchetto di plastica chiuso.<\/div>\n<div>I colori fluorescenti sbiadiscono pi\u00f9 velocemente di altri colori con l&#039;effetto della luce solare, del cloro della piscina e del sale marino. Questo risultato \u00e8 naturale.<\/div>\n<div>Non tenere pi\u00f9 di un colore bagnato insieme. Asciuga il tuo costume da bagno stendendolo all&#039;ombra e al contrario, non alla luce diretta del sole.<\/div>\n<div>\u00c8 noto che il cloro utilizzato nelle piscine per garantire l&#039;igiene danneggia il tessuto dei costumi da bagno. (Sbadigli \u2013 Dissolvenza rapida)<\/div>\n<div>Lava il costume da bagno a mano con sapone bianco e acqua tiepida dopo ogni utilizzo.<\/div>\n<div>Non lavare il costume da bagno in lavatrice e con acqua calda, poich\u00e9 perder\u00e0 la sua impermeabilit\u00e0 e idrorepellenza non aderendo alla pelle.<\/div>\n<div>Non utilizzare candeggina detergente e altri agenti di pulizia a base di candeggina.<\/div>\n<div>Tutti i tessuti si gonfiano a causa dell&#039;attrito. Per questo motivo, proteggi il tuo costume dai contatti superficiali e dalle superfici dove pu\u00f2 essere indossato.<\/div>","protected":false},"excerpt":{"rendered":"<p>Product Information -It consists of three parts. -It has a vertical collar. -Long arm top long bottom collar bone -Unlined -It doesn&#8217;t show inside. TOP Height: 95 cm Bust: 88cm Waist: 108cm LOWER Height: 95 cm Bust: 52cm Waist: 30cm The product on the model is &#8211; S &#8211; size. Fabric Information 100% Polyester We [&#8230;]\n","protected":false},"featured_media":5819,"comment_status":"open","ping_status":"closed","template":"","meta":[],"product_brand":[],"product_cat":[102],"product_tag":[],"class_list":{"0":"post-5816","1":"product","2":"type-product","3":"status-publish","4":"has-post-thumbnail","6":"product_cat-burkini","8":"first","9":"instock","10":"shipping-taxable","11":"purchasable","12":"product-type-variable"},"_links":{"self":[{"href":"https:\/\/hicabistan.com\/it\/wp-json\/wp\/v2\/product\/5816","targetHints":{"allow":["GET"]}}],"collection":[{"href":"https:\/\/hicabistan.com\/it\/wp-json\/wp\/v2\/product"}],"about":[{"href":"https:\/\/hicabistan.com\/it\/wp-json\/wp\/v2\/types\/product"}],"replies":[{"embeddable":true,"href":"https:\/\/hicabistan.com\/it\/wp-json\/wp\/v2\/comments?post=5816"}],"wp:featuredmedia":[{"embeddable":true,"href":"https:\/\/hicabistan.com\/it\/wp-json\/wp\/v2\/media\/5819"}],"wp:attachment":[{"href":"https:\/\/hicabistan.com\/it\/wp-json\/wp\/v2\/media?parent=5816"}],"wp:term":[{"taxonomy":"product_brand","embeddable":true,"href":"https:\/\/hicabistan.com\/it\/wp-json\/wp\/v2\/product_brand?post=5816"},{"taxonomy":"product_cat","embeddable":true,"href":"https:\/\/hicabistan.com\/it\/wp-json\/wp\/v2\/product_cat?post=5816"},{"taxonomy":"product_tag","embeddable":true,"href":"https:\/\/hicabistan.com\/it\/wp-json\/wp\/v2\/product_tag?post=5816"}],"curies":[{"name":"parola chiave","href":"https:\/\/api.w.org\/{rel}","templated":true}]}}