{"id":5951,"date":"2023-08-22T12:20:35","date_gmt":"2023-08-22T12:20:35","guid":{"rendered":"https:\/\/hicabistan.com\/?post_type=product&#038;p=5951"},"modified":"2024-10-09T10:45:55","modified_gmt":"2024-10-09T10:45:55","slug":"layla-double-abaya-jazz-nero","status":"publish","type":"product","link":"https:\/\/hicabistan.com\/it\/layla-double-abaya-jazz-nero\/","title":{"rendered":"Layla doppio Abaya jazz nero"},"content":{"rendered":"<h2 style=\"text-align: center;\">Layla doppio Abaya jazz nero<\/h2>\n<ul>\n<li>Il prodotto \u00e8 stagionale. Il prodotto \u00e8 composto da due parti, l&#039;abito interno e l&#039;abaya. La vita \u00e8 cinturata e i polsini delle maniche sono ampi. \u00c8 un comodo abaya hijabi.<\/li>\n<li>Lunghezza: Abito interno: 143 cm Abaya esterno: 150 cm<\/li>\n<li>Caratteristica del tessuto: \u00e8 realizzato in tessuto Aerobin (JAZZ).<\/li>\n<li>Si consiglia di ordinare la taglia che si usa abitualmente.<\/li>\n<li>Dimensioni del modello: Taglia 38 \/ Altezza 1,68 cm \/ Anca 90 cm \/ Vita 77 cm \/ Busto 90 cm<\/li>\n<li>Istruzioni di lavaggio: deve essere lavato al rovescio a 30\u00b0 (grado minimo).<\/li>\n<li>Potrebbe esserci una differenza tonale nel colore del prodotto a causa delle riprese<\/li>\n<\/ul>","protected":false},"excerpt":{"rendered":"<p>Layla Double Abaya Jazz Black The product is seasonal. The product consists of two parts, the inner dress and the abaya. The waist is belted and the sleeve cuffs are wide. It is a comfortable hijabi abaya. Length: Inner Dress: 143cm Outer Abaya: 150cm Fabric Feature: It is made of Aerobin( JAZZ) fabric. It is [&#8230;]\n","protected":false},"featured_media":5952,"comment_status":"closed","ping_status":"closed","template":"","meta":[],"product_brand":[],"product_cat":[82],"product_tag":[],"class_list":{"0":"post-5951","1":"product","2":"type-product","3":"status-publish","4":"has-post-thumbnail","6":"product_cat-abaya","8":"first","9":"instock","10":"sale","11":"shipping-taxable","12":"purchasable","13":"product-type-variable"},"_links":{"self":[{"href":"https:\/\/hicabistan.com\/it\/wp-json\/wp\/v2\/product\/5951","targetHints":{"allow":["GET"]}}],"collection":[{"href":"https:\/\/hicabistan.com\/it\/wp-json\/wp\/v2\/product"}],"about":[{"href":"https:\/\/hicabistan.com\/it\/wp-json\/wp\/v2\/types\/product"}],"replies":[{"embeddable":true,"href":"https:\/\/hicabistan.com\/it\/wp-json\/wp\/v2\/comments?post=5951"}],"wp:featuredmedia":[{"embeddable":true,"href":"https:\/\/hicabistan.com\/it\/wp-json\/wp\/v2\/media\/5952"}],"wp:attachment":[{"href":"https:\/\/hicabistan.com\/it\/wp-json\/wp\/v2\/media?parent=5951"}],"wp:term":[{"taxonomy":"product_brand","embeddable":true,"href":"https:\/\/hicabistan.com\/it\/wp-json\/wp\/v2\/product_brand?post=5951"},{"taxonomy":"product_cat","embeddable":true,"href":"https:\/\/hicabistan.com\/it\/wp-json\/wp\/v2\/product_cat?post=5951"},{"taxonomy":"product_tag","embeddable":true,"href":"https:\/\/hicabistan.com\/it\/wp-json\/wp\/v2\/product_tag?post=5951"}],"curies":[{"name":"parola chiave","href":"https:\/\/api.w.org\/{rel}","templated":true}]}}