{"id":596,"date":"2023-01-05T15:14:11","date_gmt":"2023-01-05T15:14:11","guid":{"rendered":"https:\/\/hicabistan.com\/?post_type=product&#038;p=596"},"modified":"2024-10-09T10:45:54","modified_gmt":"2024-10-09T10:45:54","slug":"abito-da-preghiera-in-jersey-di-alta-qualita","status":"publish","type":"product","link":"https:\/\/hicabistan.com\/it\/abito-da-preghiera-in-jersey-di-alta-qualita\/","title":{"rendered":"Abito da preghiera in jersey premium"},"content":{"rendered":"<h1>Qual \u00e8 il miglior materiale per abiti da preghiera all&#039;ingrosso?<\/h1>\n<p>Sul mercato vengono utilizzate dozzine di tessuti diversi. Tuttavia, il prodotto pi\u00f9 venduto in termini di tessuto e qualit\u00e0 \u00e8 l&#039;abito da preghiera in due pezzi prodotto con Premium Jersey.<\/p>\n<figure id=\"attachment_597\" aria-describedby=\"caption-attachment-597\" style=\"width: 267px\" class=\"wp-caption alignright\"><img loading=\"lazy\" decoding=\"async\" class=\"size-medium wp-image-597\" src=\"https:\/\/hicabistan.com\/wp-content\/uploads\/2023\/01\/74890794-9ce5-4ff9-8db3-c0145826d8bd-267x400.jpg\" alt=\"Abito da preghiera all&#039;ingrosso\" width=\"267\" height=\"400\" srcset=\"https:\/\/hicabistan.com\/wp-content\/uploads\/2023\/01\/74890794-9ce5-4ff9-8db3-c0145826d8bd-267x400.jpg 267w, https:\/\/hicabistan.com\/wp-content\/uploads\/2023\/01\/74890794-9ce5-4ff9-8db3-c0145826d8bd-247x371.jpg 247w, https:\/\/hicabistan.com\/wp-content\/uploads\/2023\/01\/74890794-9ce5-4ff9-8db3-c0145826d8bd-510x765.jpg 510w, https:\/\/hicabistan.com\/wp-content\/uploads\/2023\/01\/74890794-9ce5-4ff9-8db3-c0145826d8bd-533x800.jpg 533w, https:\/\/hicabistan.com\/wp-content\/uploads\/2023\/01\/74890794-9ce5-4ff9-8db3-c0145826d8bd-768x1152.jpg 768w, https:\/\/hicabistan.com\/wp-content\/uploads\/2023\/01\/74890794-9ce5-4ff9-8db3-c0145826d8bd-1024x1536.jpg 1024w, https:\/\/hicabistan.com\/wp-content\/uploads\/2023\/01\/74890794-9ce5-4ff9-8db3-c0145826d8bd.jpg 1200w\" sizes=\"auto, (max-width: 267px) 100vw, 267px\" \/><figcaption id=\"caption-attachment-597\" class=\"wp-caption-text\">Abito da preghiera all&#039;ingrosso<\/figcaption><\/figure>\n<h2>Si usa solo quando si prega?<\/h2>\n<p>Puoi usarlo non solo mentre preghi, ma anche quando esci, indossando un <a title=\"Abaya\" href=\"https:\/\/hicabistan.com\/it\/abaya\/\">Abaya<\/a>. \u00c8 un prodotto dal rapporto qualit\u00e0-prezzo che pu\u00f2 essere utilizzato facilmente in 4 stagioni. Da avere nel tuo negozio.<\/p>\n<h3>Pulizia e manutenzione degli abiti da preghiera<\/h3>\n<p>\u00c8 necessario prestare attenzione alle condizioni del velo in preghiera, che \u00e8 uno degli atti di culto obbligatori per i musulmani. \u00c8 anche auspicabile che il luogo di culto e gli abiti siano puliti. \u00c8 importante a questo proposito che l&#039;abbigliamento da preghiera, che deve essere pulito frequentemente, sia di facile manutenzione. I prodotti realizzati con tessuti che non richiedono lavaggio a secco sono generalmente resistenti alle macchie. Bisogna fare attenzione a lavare i vestiti con lycra e struttura flessibile a basse temperature in modo che non si restringano. Se \u00e8 necessaria la stiratura, si consiglia di lavorare a bassa temperatura.<br \/>\nI prodotti colorati e fantasia devono essere asciugati lontano dalla luce solare diretta.<\/p>\n<h3>Cosa indossano i musulmani quando pregano?<\/h3>\n<p>Nell&#039;Islam, non devi eseguire le tue preghiere solo in abito da preghiera hijab. Puoi pregare con i tuoi abiti quotidiani quando sei fuori o in visita. Se vuoi sentirti pi\u00f9 a tuo agio, puoi pregare con l&#039;abito da preghiera portatile. Poich\u00e9 tutti i prodotti in questa vendita sono leggeri, possono essere facilmente inseriti nelle tue borse e sono facili da indossare.<\/p>\n<h3>Come \u00e8 il processo di acquisto all&#039;ingrosso?<\/h3>\n<p>Molte fabbriche e aziende all&#039;ingrosso nel mondo vendono i loro prodotti in serie. Come azienda Hicabistan, non vendiamo alcun prodotto in serie. Puoi acquistare il colore che desideri nella quantit\u00e0 che desideri e mescolarlo con altri prodotti. In questo modo supportiamo le boutique che aprono nuove attivit\u00e0 o le aziende che vendono da casa.<\/p>","protected":false},"excerpt":{"rendered":"<p>What is the best wholesale prayer dress material? Dozens of different fabrics are used in the market. However, the best selling product in terms of fabric and quality is the two piece prayer dress produced with Premium Jersey. Is it only used when praying? You can use it not only while praying, but also when [&#8230;]\n","protected":false},"featured_media":598,"comment_status":"open","ping_status":"closed","template":"","meta":[],"product_brand":[],"product_cat":[98],"product_tag":[],"class_list":{"0":"post-596","1":"product","2":"type-product","3":"status-publish","4":"has-post-thumbnail","6":"product_cat-wholesale-prayer-dress","8":"first","9":"instock","10":"shipping-taxable","11":"purchasable","12":"product-type-simple"},"_links":{"self":[{"href":"https:\/\/hicabistan.com\/it\/wp-json\/wp\/v2\/product\/596","targetHints":{"allow":["GET"]}}],"collection":[{"href":"https:\/\/hicabistan.com\/it\/wp-json\/wp\/v2\/product"}],"about":[{"href":"https:\/\/hicabistan.com\/it\/wp-json\/wp\/v2\/types\/product"}],"replies":[{"embeddable":true,"href":"https:\/\/hicabistan.com\/it\/wp-json\/wp\/v2\/comments?post=596"}],"wp:featuredmedia":[{"embeddable":true,"href":"https:\/\/hicabistan.com\/it\/wp-json\/wp\/v2\/media\/598"}],"wp:attachment":[{"href":"https:\/\/hicabistan.com\/it\/wp-json\/wp\/v2\/media?parent=596"}],"wp:term":[{"taxonomy":"product_brand","embeddable":true,"href":"https:\/\/hicabistan.com\/it\/wp-json\/wp\/v2\/product_brand?post=596"},{"taxonomy":"product_cat","embeddable":true,"href":"https:\/\/hicabistan.com\/it\/wp-json\/wp\/v2\/product_cat?post=596"},{"taxonomy":"product_tag","embeddable":true,"href":"https:\/\/hicabistan.com\/it\/wp-json\/wp\/v2\/product_tag?post=596"}],"curies":[{"name":"parola chiave","href":"https:\/\/api.w.org\/{rel}","templated":true}]}}