{"id":6021,"date":"2023-08-22T12:10:04","date_gmt":"2023-08-22T12:10:04","guid":{"rendered":"https:\/\/hicabistan.com\/?post_type=product&#038;p=6021"},"modified":"2024-10-09T10:45:55","modified_gmt":"2024-10-09T10:45:55","slug":"satin-kimono-abaya-turquoise","status":"publish","type":"product","link":"https:\/\/hicabistan.com\/it\/satin-kimono-abaya-turquoise\/","title":{"rendered":"Kimono in raso Abaya Turchese"},"content":{"rendered":"<h2 style=\"text-align: center;\">Kimono in raso Abaya Turchese<\/h2>\n<ul>\n<li>Il prodotto \u00e8 stagionale. I polsini anteriori aperti sono elasticizzati e con cintura in vita. Il modello oversize pi\u00f9 elegante del kimono abaya, la combinazione comoda \u00e8 perfetta per te.<\/li>\n<li>Lunghezza: 142 cm<\/li>\n<li>Caratteristiche del tessuto: realizzato in tessuto satinato.<\/li>\n<li>Si consiglia di ordinare la taglia che si usa abitualmente.<\/li>\n<li>Dimensioni del modello: Taglia 38 \/ Altezza 1,68 cm \/ Anca 90 cm \/ Vita 77 cm \/ Busto 90 cm<\/li>\n<li>Istruzioni di lavaggio: deve essere lavato al rovescio a 30\u00b0 (grado minimo).<\/li>\n<li>Potrebbe esserci una differenza tonale nel colore del prodotto a causa delle riprese.<\/li>\n<\/ul>","protected":false},"excerpt":{"rendered":"<p>Satin Kimono Abaya Turquoise The product is seasonal. Open front sleeve cuffs are elasticated and belted at the waist. The most stylish abaya kimono oversize model , comfortable combination is with you. Length: 142cm Fabric Feature: Made of satin fabric. It is recommended to order the size you normally use. Model Dimensions: Size 38 \/ [&#8230;]\n","protected":false},"featured_media":6007,"comment_status":"closed","ping_status":"closed","template":"","meta":[],"product_brand":[],"product_cat":[82],"product_tag":[],"class_list":{"0":"post-6021","1":"product","2":"type-product","3":"status-publish","4":"has-post-thumbnail","6":"product_cat-abaya","8":"first","9":"instock","10":"sale","11":"shipping-taxable","12":"purchasable","13":"product-type-variable"},"_links":{"self":[{"href":"https:\/\/hicabistan.com\/it\/wp-json\/wp\/v2\/product\/6021","targetHints":{"allow":["GET"]}}],"collection":[{"href":"https:\/\/hicabistan.com\/it\/wp-json\/wp\/v2\/product"}],"about":[{"href":"https:\/\/hicabistan.com\/it\/wp-json\/wp\/v2\/types\/product"}],"replies":[{"embeddable":true,"href":"https:\/\/hicabistan.com\/it\/wp-json\/wp\/v2\/comments?post=6021"}],"wp:featuredmedia":[{"embeddable":true,"href":"https:\/\/hicabistan.com\/it\/wp-json\/wp\/v2\/media\/6007"}],"wp:attachment":[{"href":"https:\/\/hicabistan.com\/it\/wp-json\/wp\/v2\/media?parent=6021"}],"wp:term":[{"taxonomy":"product_brand","embeddable":true,"href":"https:\/\/hicabistan.com\/it\/wp-json\/wp\/v2\/product_brand?post=6021"},{"taxonomy":"product_cat","embeddable":true,"href":"https:\/\/hicabistan.com\/it\/wp-json\/wp\/v2\/product_cat?post=6021"},{"taxonomy":"product_tag","embeddable":true,"href":"https:\/\/hicabistan.com\/it\/wp-json\/wp\/v2\/product_tag?post=6021"}],"curies":[{"name":"parola chiave","href":"https:\/\/api.w.org\/{rel}","templated":true}]}}