{"id":6067,"date":"2023-08-05T16:31:33","date_gmt":"2023-08-05T16:31:33","guid":{"rendered":"https:\/\/hicabistan.com\/?post_type=product&#038;p=6067"},"modified":"2024-10-09T10:45:55","modified_gmt":"2024-10-09T10:45:55","slug":"abaya-beige","status":"publish","type":"product","link":"https:\/\/hicabistan.com\/it\/abaya-beige\/","title":{"rendered":"Linea Abaya Beige"},"content":{"rendered":"<h2 style=\"text-align: center;\">Linea Abaya Beige<\/h2>\n<div>Informazioni sul prodotto<\/div>\n<div><\/div>\n<div>Altezza: 133 cm<\/div>\n<div>Busto: 90 cm<\/div>\n<div>Vita: 82 cm<\/div>\n<div><\/div>\n<div>L&#039;abito in cr\u00eape della nuova stagione \u00e8 un modello a strati. Il nostro vestito, che ha i polsi elastici, ha una cerniera posteriore. Il nostro vestito, che \u00e8 la prima scelta di semplice eleganza, sar\u00e0 un pezzo indispensabile nel tuo armadio.<\/div>\n<div><\/div>\n<div><\/div>\n<div>Informazioni sul tessuto<\/div>\n<div><\/div>\n<div>\u00a0 100% Poliestere<\/div>\n<div><\/div>\n<div>Informazioni sul modello<\/div>\n<div><\/div>\n<div>Altezza : 165 cm<\/div>\n<div>Busto: 86 cm<\/div>\n<div>Vita: 67 cm<\/div>\n<div>Anca: 85 cm<\/div>\n<div><\/div>\n<div>Il prodotto sul modello \u00e8 \u2013 36 \u2013 taglia.\u200b<\/div>","protected":false},"excerpt":{"rendered":"<p>Line Abaya Beige Product Information Height: 133 cm Bust: 90cm Waist: 82cm The new season crepe dress is a layered model. Our dress, which has elastic wrists, has a back zipper. Our dress, which is the first choice of simple elegance, will be an indispensable piece in your closet. Fabric Information \u00a0 100% Polyester\u200b Model [&#8230;]\n","protected":false},"featured_media":6078,"comment_status":"closed","ping_status":"closed","template":"","meta":[],"product_brand":[],"product_cat":[82,83],"product_tag":[],"class_list":{"0":"post-6067","1":"product","2":"type-product","3":"status-publish","4":"has-post-thumbnail","6":"product_cat-abaya","7":"product_cat-islamic-dress","9":"first","10":"instock","11":"sale","12":"shipping-taxable","13":"purchasable","14":"product-type-variable"},"_links":{"self":[{"href":"https:\/\/hicabistan.com\/it\/wp-json\/wp\/v2\/product\/6067","targetHints":{"allow":["GET"]}}],"collection":[{"href":"https:\/\/hicabistan.com\/it\/wp-json\/wp\/v2\/product"}],"about":[{"href":"https:\/\/hicabistan.com\/it\/wp-json\/wp\/v2\/types\/product"}],"replies":[{"embeddable":true,"href":"https:\/\/hicabistan.com\/it\/wp-json\/wp\/v2\/comments?post=6067"}],"wp:featuredmedia":[{"embeddable":true,"href":"https:\/\/hicabistan.com\/it\/wp-json\/wp\/v2\/media\/6078"}],"wp:attachment":[{"href":"https:\/\/hicabistan.com\/it\/wp-json\/wp\/v2\/media?parent=6067"}],"wp:term":[{"taxonomy":"product_brand","embeddable":true,"href":"https:\/\/hicabistan.com\/it\/wp-json\/wp\/v2\/product_brand?post=6067"},{"taxonomy":"product_cat","embeddable":true,"href":"https:\/\/hicabistan.com\/it\/wp-json\/wp\/v2\/product_cat?post=6067"},{"taxonomy":"product_tag","embeddable":true,"href":"https:\/\/hicabistan.com\/it\/wp-json\/wp\/v2\/product_tag?post=6067"}],"curies":[{"name":"parola chiave","href":"https:\/\/api.w.org\/{rel}","templated":true}]}}