{"id":6229,"date":"2023-08-21T18:18:24","date_gmt":"2023-08-21T18:18:24","guid":{"rendered":"https:\/\/hicabistan.com\/?post_type=product&#038;p=6229"},"modified":"2024-10-09T10:45:54","modified_gmt":"2024-10-09T10:45:54","slug":"abaya-con-spalle-arricciate-fucsia","status":"publish","type":"product","link":"https:\/\/hicabistan.com\/it\/abaya-con-spalle-arricciate-fucsia\/","title":{"rendered":"Abaya con spalle arricciate fucsia"},"content":{"rendered":"<h2 style=\"text-align: center;\">Abaya con spalle arricciate fucsia<\/h2>\n<div><strong>Informazioni sul prodotto<\/strong><\/div>\n<div><\/div>\n<div><strong>Altezza:<\/strong> 140 centimetri<\/div>\n<div><strong>Torace:<\/strong> 86 centimetri<\/div>\n<div><strong>Vita:<\/strong> 84 centimetri<\/div>\n<div><\/div>\n<div>L&#039;abito della nuova stagione ha una spalla arricciata. Il nostro abito, con un colletto prominente, ha un bottone sul collo. Il nostro abito \u00e8 dotato di cintura. Non c&#039;\u00e8 il ponte della cintura. Il nostro abito, che ti offre un&#039;eleganza semplice, sar\u00e0 il tuo capo preferito.<\/div>\n<div><\/div>\n<div><strong>Informazioni sul tessuto<\/strong><\/div>\n<div><\/div>\n<div>50% Viscosa<\/div>\n<div>45% Poliestere<\/div>\n<div>5% Licra<\/div>\n<div><\/div>\n<div><strong>Informazioni sul modello<\/strong><\/div>\n<div><\/div>\n<div><strong>Altezza:<\/strong> 164 centimetri<\/div>\n<div><strong>Torace:<\/strong>85 centimetri<\/div>\n<div><strong>Vita:<\/strong> 64 centimetri<\/div>\n<div><strong>Anca:<\/strong> 92 centimetri<\/div>\n<div><\/div>\n<div>Il prodotto sul modello \u00e8 \u2013<strong> 36<\/strong> - misurare.<\/div>","protected":false},"excerpt":{"rendered":"<p>Frilly Shoulder Abaya Fuchsia Product information Height: 140 cm Bust: 86cm Waist: 84cm The new season dress has a ruffled shoulder. Our dress, which has a dominant collar, has a neck button. Our dress is belted. There is no belt bridge. Our dress, which offers you simple elegance, will be your favorite piece. Fabric Information [&#8230;]\n","protected":false},"featured_media":6210,"comment_status":"closed","ping_status":"closed","template":"","meta":[],"product_brand":[],"product_cat":[83],"product_tag":[],"class_list":{"0":"post-6229","1":"product","2":"type-product","3":"status-publish","4":"has-post-thumbnail","6":"product_cat-islamic-dress","8":"first","9":"instock","10":"sale","11":"shipping-taxable","12":"purchasable","13":"product-type-variable"},"_links":{"self":[{"href":"https:\/\/hicabistan.com\/it\/wp-json\/wp\/v2\/product\/6229","targetHints":{"allow":["GET"]}}],"collection":[{"href":"https:\/\/hicabistan.com\/it\/wp-json\/wp\/v2\/product"}],"about":[{"href":"https:\/\/hicabistan.com\/it\/wp-json\/wp\/v2\/types\/product"}],"replies":[{"embeddable":true,"href":"https:\/\/hicabistan.com\/it\/wp-json\/wp\/v2\/comments?post=6229"}],"wp:featuredmedia":[{"embeddable":true,"href":"https:\/\/hicabistan.com\/it\/wp-json\/wp\/v2\/media\/6210"}],"wp:attachment":[{"href":"https:\/\/hicabistan.com\/it\/wp-json\/wp\/v2\/media?parent=6229"}],"wp:term":[{"taxonomy":"product_brand","embeddable":true,"href":"https:\/\/hicabistan.com\/it\/wp-json\/wp\/v2\/product_brand?post=6229"},{"taxonomy":"product_cat","embeddable":true,"href":"https:\/\/hicabistan.com\/it\/wp-json\/wp\/v2\/product_cat?post=6229"},{"taxonomy":"product_tag","embeddable":true,"href":"https:\/\/hicabistan.com\/it\/wp-json\/wp\/v2\/product_tag?post=6229"}],"curies":[{"name":"parola chiave","href":"https:\/\/api.w.org\/{rel}","templated":true}]}}