{"id":6390,"date":"2023-08-22T12:08:00","date_gmt":"2023-08-22T12:08:00","guid":{"rendered":"https:\/\/hicabistan.com\/?post_type=product&#038;p=6390"},"modified":"2024-10-09T10:45:54","modified_gmt":"2024-10-09T10:45:54","slug":"kimono-mika-modello-nero","status":"publish","type":"product","link":"https:\/\/hicabistan.com\/it\/kimono-mika-modello-nero\/","title":{"rendered":"Kimono Mika modello nero"},"content":{"rendered":"<h2 style=\"text-align: center;\">Kimono Mika modello nero<\/h2>\n<ul>\n<li>Il prodotto \u00e8 stagionale. Il prodotto \u00e8 senza cerniera, senza un bottone trasandato. \u00c8 dotato di cintura.1 Taglia: 36-38-40 2 Taglia: 42-44-46<\/li>\n<li>Lunghezza: 120 cm<\/li>\n<li>Caratteristiche del tessuto: \u00e8 realizzato in tessuto di lino.<\/li>\n<li>Poich\u00e9 il prodotto \u00e8 a stampo pieno, si consiglia di ordinare la dimensione che si utilizza normalmente.<\/li>\n<li>Dimensioni del modello: Taglia 38 \/ Altezza 1,68 cm \/ Anca 90 cm \/ Vita 77 cm \/ Busto 90 cm<\/li>\n<li>Istruzioni di lavaggio: deve essere lavato al rovescio a 30\u00b0 (grado minimo).<\/li>\n<li>Potrebbe esserci una differenza tonale nel colore del prodotto a causa delle riprese.<\/li>\n<\/ul>","protected":false},"excerpt":{"rendered":"<p>Mika Kimono Black Pattern The product is seasonal. The product is without a zipper, without a shabby button. It is belted.1 Size: 36-38-40 2 Size: 42-44-46 Length: 120cm Fabric Feature: It is made of linen fabric. Since the product is full mold, it is recommended to order the size you normally use. Model Dimensions: Size [&#8230;]\n","protected":false},"featured_media":6373,"comment_status":"closed","ping_status":"closed","template":"","meta":[],"product_brand":[],"product_cat":[183],"product_tag":[],"class_list":{"0":"post-6390","1":"product","2":"type-product","3":"status-publish","4":"has-post-thumbnail","6":"product_cat-kimono","8":"first","9":"instock","10":"shipping-taxable","11":"purchasable","12":"product-type-variable"},"_links":{"self":[{"href":"https:\/\/hicabistan.com\/it\/wp-json\/wp\/v2\/product\/6390","targetHints":{"allow":["GET"]}}],"collection":[{"href":"https:\/\/hicabistan.com\/it\/wp-json\/wp\/v2\/product"}],"about":[{"href":"https:\/\/hicabistan.com\/it\/wp-json\/wp\/v2\/types\/product"}],"replies":[{"embeddable":true,"href":"https:\/\/hicabistan.com\/it\/wp-json\/wp\/v2\/comments?post=6390"}],"wp:featuredmedia":[{"embeddable":true,"href":"https:\/\/hicabistan.com\/it\/wp-json\/wp\/v2\/media\/6373"}],"wp:attachment":[{"href":"https:\/\/hicabistan.com\/it\/wp-json\/wp\/v2\/media?parent=6390"}],"wp:term":[{"taxonomy":"product_brand","embeddable":true,"href":"https:\/\/hicabistan.com\/it\/wp-json\/wp\/v2\/product_brand?post=6390"},{"taxonomy":"product_cat","embeddable":true,"href":"https:\/\/hicabistan.com\/it\/wp-json\/wp\/v2\/product_cat?post=6390"},{"taxonomy":"product_tag","embeddable":true,"href":"https:\/\/hicabistan.com\/it\/wp-json\/wp\/v2\/product_tag?post=6390"}],"curies":[{"name":"parola chiave","href":"https:\/\/api.w.org\/{rel}","templated":true}]}}