{"id":6435,"date":"2023-08-21T09:26:57","date_gmt":"2023-08-21T09:26:57","guid":{"rendered":"https:\/\/hicabistan.com\/?post_type=product&#038;p=6435"},"modified":"2024-10-09T10:45:54","modified_gmt":"2024-10-09T10:45:54","slug":"alexa-abaya-nera","status":"publish","type":"product","link":"https:\/\/hicabistan.com\/it\/alexa-abaya-nera\/","title":{"rendered":"Alexa Abaya Nero"},"content":{"rendered":"<h2 style=\"text-align: center;\">Alexa Abaya Nero<\/h2>\n<ul>\n<li>Il prodotto \u00e8 stagionale. \u00c8 sfoderato. Ha uno scollo rotondo ed \u00e8 abbottonato sul retro. La vita \u00e8 elasticizzata e con cintura. I polsini delle maniche sono a balze e le gonne sono aperte a forma di mawlana.<\/li>\n<li>Lunghezza: 137 cm<\/li>\n<li>Caratteristiche del tessuto: \u00e8 realizzato in tessuto di cotone Terry.<\/li>\n<li>Dimensioni del modello: Taglia 38 \/ Altezza 1,68 cm \/ Anca 90 cm \/ Vita 77 cm \/ Busto 90 cm<\/li>\n<li>Istruzioni di lavaggio: deve essere lavato al rovescio a 30\u00b0 (grado minimo).<\/li>\n<li>Potrebbe esserci una differenza tonale nel colore del prodotto a causa delle riprese.<\/li>\n<\/ul>","protected":false},"excerpt":{"rendered":"<p>Alexa Abaya Black The product is seasonal. The product is unlined. It has a round neckline and is buttoned at the back. The waist is elastic and belted. The sleeve cuffs are flounced and the skirts are opened in the form of a mawlana. Length: 137cm Fabric Feature: It is made of Terry Cotton fabric. [&#8230;]\n","protected":false},"featured_media":6420,"comment_status":"closed","ping_status":"closed","template":"","meta":[],"product_brand":[],"product_cat":[82,83],"product_tag":[],"class_list":{"0":"post-6435","1":"product","2":"type-product","3":"status-publish","4":"has-post-thumbnail","6":"product_cat-abaya","7":"product_cat-islamic-dress","9":"first","10":"instock","11":"sale","12":"shipping-taxable","13":"purchasable","14":"product-type-variable"},"_links":{"self":[{"href":"https:\/\/hicabistan.com\/it\/wp-json\/wp\/v2\/product\/6435","targetHints":{"allow":["GET"]}}],"collection":[{"href":"https:\/\/hicabistan.com\/it\/wp-json\/wp\/v2\/product"}],"about":[{"href":"https:\/\/hicabistan.com\/it\/wp-json\/wp\/v2\/types\/product"}],"replies":[{"embeddable":true,"href":"https:\/\/hicabistan.com\/it\/wp-json\/wp\/v2\/comments?post=6435"}],"wp:featuredmedia":[{"embeddable":true,"href":"https:\/\/hicabistan.com\/it\/wp-json\/wp\/v2\/media\/6420"}],"wp:attachment":[{"href":"https:\/\/hicabistan.com\/it\/wp-json\/wp\/v2\/media?parent=6435"}],"wp:term":[{"taxonomy":"product_brand","embeddable":true,"href":"https:\/\/hicabistan.com\/it\/wp-json\/wp\/v2\/product_brand?post=6435"},{"taxonomy":"product_cat","embeddable":true,"href":"https:\/\/hicabistan.com\/it\/wp-json\/wp\/v2\/product_cat?post=6435"},{"taxonomy":"product_tag","embeddable":true,"href":"https:\/\/hicabistan.com\/it\/wp-json\/wp\/v2\/product_tag?post=6435"}],"curies":[{"name":"parola chiave","href":"https:\/\/api.w.org\/{rel}","templated":true}]}}