{"id":757,"date":"2023-01-12T11:18:26","date_gmt":"2023-01-12T11:18:26","guid":{"rendered":"https:\/\/hicabistan.com\/?post_type=product&#038;p=757"},"modified":"2024-10-09T10:45:54","modified_gmt":"2024-10-09T10:45:54","slug":"bag-prayer-set","status":"publish","type":"product","link":"https:\/\/hicabistan.com\/it\/bag-prayer-set\/","title":{"rendered":"Set preghiera borsa"},"content":{"rendered":"<p>Il set di preghiera della borsa include tappeto da preghiera e tasbih. Grazie al suo peso ridotto, \u00e8 vantaggioso in termini di rapporto qualit\u00e0-prezzo nel carico. Puoi mettere una media di 80 prodotti in 1 scatola. \u00c8 uno dei prodotti che devi avere nel tuo negozio. Il prodotto pi\u00f9 venduto durante il Ramadan<\/p>","protected":false},"excerpt":{"rendered":"<p>Il set di preghiera della borsa include tappeto da preghiera e tasbih. Grazie al suo peso ridotto, \u00e8 vantaggioso in termini di rapporto qualit\u00e0-prezzo nel carico. Puoi mettere una media di 80 prodotti in 1 scatola. \u00c8 uno dei prodotti che devi avere nel tuo negozio. Il prodotto pi\u00f9 venduto durante il Ramadan<\/p>","protected":false},"featured_media":758,"comment_status":"open","ping_status":"closed","template":"","meta":[],"product_brand":[],"product_cat":[92],"product_tag":[],"class_list":{"0":"post-757","1":"product","2":"type-product","3":"status-publish","4":"has-post-thumbnail","6":"product_cat-islamic-gift-sets","8":"first","9":"instock","10":"shipping-taxable","11":"purchasable","12":"product-type-simple"},"_links":{"self":[{"href":"https:\/\/hicabistan.com\/it\/wp-json\/wp\/v2\/product\/757","targetHints":{"allow":["GET"]}}],"collection":[{"href":"https:\/\/hicabistan.com\/it\/wp-json\/wp\/v2\/product"}],"about":[{"href":"https:\/\/hicabistan.com\/it\/wp-json\/wp\/v2\/types\/product"}],"replies":[{"embeddable":true,"href":"https:\/\/hicabistan.com\/it\/wp-json\/wp\/v2\/comments?post=757"}],"wp:featuredmedia":[{"embeddable":true,"href":"https:\/\/hicabistan.com\/it\/wp-json\/wp\/v2\/media\/758"}],"wp:attachment":[{"href":"https:\/\/hicabistan.com\/it\/wp-json\/wp\/v2\/media?parent=757"}],"wp:term":[{"taxonomy":"product_brand","embeddable":true,"href":"https:\/\/hicabistan.com\/it\/wp-json\/wp\/v2\/product_brand?post=757"},{"taxonomy":"product_cat","embeddable":true,"href":"https:\/\/hicabistan.com\/it\/wp-json\/wp\/v2\/product_cat?post=757"},{"taxonomy":"product_tag","embeddable":true,"href":"https:\/\/hicabistan.com\/it\/wp-json\/wp\/v2\/product_tag?post=757"}],"curies":[{"name":"parola chiave","href":"https:\/\/api.w.org\/{rel}","templated":true}]}}