{"id":938,"date":"2023-01-23T14:40:13","date_gmt":"2023-01-23T14:40:13","guid":{"rendered":"https:\/\/hicabistan.com\/?post_type=product&#038;p=938"},"modified":"2024-10-09T10:45:53","modified_gmt":"2024-10-09T10:45:53","slug":"hijab-jazz-di-lusso","status":"publish","type":"product","link":"https:\/\/hicabistan.com\/it\/hijab-jazz-di-lusso\/","title":{"rendered":"Hijab jazz di lusso"},"content":{"rendered":"<p>Il Luxury Jazz Hijab \u00e8 un hijab lussuoso e di alta qualit\u00e0 realizzato con materiali di prima qualit\u00e0. L&#039;hijab \u00e8 progettato per essere comodo e facile da indossare, con una struttura flessibile che gli consente di avvolgersi magnificamente intorno al viso e alle spalle. L&#039;hijab \u00e8 perfetto per ogni occasione, sia che tu ti stia vestendo per un evento speciale o semplicemente cercando un hijab comodo ed elegante per tutti i giorni.<\/p>\n<p>Caratteristiche:<br \/>\n\u2013 Realizzato con materiali premium jazz\/aerobin<br \/>\n\u2013 Struttura flessibile per una calzata confortevole<br \/>\n\u2013 Non si sgualcisce<br \/>\n\u2013 Disponibile in una gamma di colori e stili<br \/>\nBenefici:<br \/>\n- Guarda e sentiti lussuoso con i materiali di alta qualit\u00e0 e il bellissimo design del Luxury Jazz Hijab<br \/>\n- Rimani comodo tutto il giorno con la struttura flessibile e il tessuto antirughe<br \/>\n- Scegli tra una gamma di colori e stili per trovare l&#039;hijab perfetto per ogni occasione<\/p>","protected":false},"excerpt":{"rendered":"<p>The Luxury Jazz Hijab is a high-quality, luxurious hijab made from premium materials. The hijab is designed to be comfortable and easy to wear, with a flexible structure that allows it to drape beautifully around your face and shoulders. The hijab is perfect for any occasion, whether you&#8217;re dressing up for a special event or [&#8230;]\n","protected":false},"featured_media":1601,"comment_status":"open","ping_status":"closed","template":"","meta":[],"product_brand":[],"product_cat":[76],"product_tag":[],"class_list":{"0":"post-938","1":"product","2":"type-product","3":"status-publish","4":"has-post-thumbnail","6":"product_cat-jazz-hijab","8":"first","9":"instock","10":"shipping-taxable","11":"purchasable","12":"product-type-simple"},"_links":{"self":[{"href":"https:\/\/hicabistan.com\/it\/wp-json\/wp\/v2\/product\/938","targetHints":{"allow":["GET"]}}],"collection":[{"href":"https:\/\/hicabistan.com\/it\/wp-json\/wp\/v2\/product"}],"about":[{"href":"https:\/\/hicabistan.com\/it\/wp-json\/wp\/v2\/types\/product"}],"replies":[{"embeddable":true,"href":"https:\/\/hicabistan.com\/it\/wp-json\/wp\/v2\/comments?post=938"}],"wp:featuredmedia":[{"embeddable":true,"href":"https:\/\/hicabistan.com\/it\/wp-json\/wp\/v2\/media\/1601"}],"wp:attachment":[{"href":"https:\/\/hicabistan.com\/it\/wp-json\/wp\/v2\/media?parent=938"}],"wp:term":[{"taxonomy":"product_brand","embeddable":true,"href":"https:\/\/hicabistan.com\/it\/wp-json\/wp\/v2\/product_brand?post=938"},{"taxonomy":"product_cat","embeddable":true,"href":"https:\/\/hicabistan.com\/it\/wp-json\/wp\/v2\/product_cat?post=938"},{"taxonomy":"product_tag","embeddable":true,"href":"https:\/\/hicabistan.com\/it\/wp-json\/wp\/v2\/product_tag?post=938"}],"curies":[{"name":"parola chiave","href":"https:\/\/api.w.org\/{rel}","templated":true}]}}